{"id":1909,"date":"2019-02-06T21:55:35","date_gmt":"2019-02-06T20:55:35","guid":{"rendered":"https:\/\/centrereliance.fr\/assoc-test\/?page_id=1909"},"modified":"2019-06-18T14:24:16","modified_gmt":"2019-06-18T12:24:16","slug":"ecoute-solidaire","status":"publish","type":"page","link":"https:\/\/centrereliance.fr\/assoc-test\/ecoute-solidaire\/","title":{"rendered":"Ecoute solidaire"},"content":{"rendered":"<div class=\"woocommerce columns-1 \"><\/div>\n<h1><span style=\"color: #ff6600\"><strong>Ecoute solidaire<\/strong><\/span><\/h1>\n<p>Reliance Association fait le choix solidaire de rendre accessibles les entretiens individuels dans un dispositif destin\u00e9 aux personnes \u00e0 revenu limit\u00e9.<\/p>\n<h6><span style=\"color: #ff6600\"><strong>D\u00e9roulement et contenu des entretiens<\/strong><\/span><\/h6>\n<p>Dans un cadre de confidentialit\u00e9 et avec l&rsquo;aide de l&rsquo;intervenant, le b\u00e9n\u00e9ficiaire fait le point sur ses difficult\u00e9s et ses besoins d\u2019accompagnement.<\/p>\n<p>Le praticien \u00e9coute la personne dans son v\u00e9cu et ses \u00e9motions. Il l\u2019accompagne vers une am\u00e9lioration de ses relations avec elle-m\u00eame, ses proches et toutes personnes avec lesquelles elle rencontre des difficult\u00e9s relationnelles.<\/p>\n<p>Les entretiens s&rsquo;appuient sur une d\u00e9marche d\u2019\u00e9coute active et participative qui permet \u00e0 la personne de se relier \u00e0 ses ressources et d\u2019explorer des pistes d\u2019\u00e9volution.<\/p>\n<h6><strong><span style=\"color: #ff6600\">Public concern\u00e9<\/span><br \/>\n<\/strong><\/h6>\n<p>Public adulte exprimant des difficult\u00e9s relationnelles d\u2019ordre personnel, familial, social ou professionnel, \u00e0 l&rsquo;exception des personnes porteuses de pathologie psychiatrique non stabilis\u00e9e et \/ou faisant \u00e9tat d&rsquo;un risque de passage \u00e0 l&rsquo;acte violent.<\/p>\n<h6><span style=\"color: #ff6600\"><strong>Modalit\u00e9s d\u2019acc\u00e8s et tarif<\/strong><\/span><\/h6>\n<p>Dispositif r\u00e9serv\u00e9 aux personnes adultes dont le quotient familial CAF est inf\u00e9rieur \u00e0 500 \u20ac et aux \u00e9tudiants boursiers. Un justificatif est demand\u00e9 lors du 1er entretien.<\/p>\n<p>Tarif de l\u2019entretien\u00a0: prix libre avec un minimum de 5 \u20ac pour les frais de fonctionnement de l\u2019association<\/p>\n<h6><span style=\"color: #ff6600\"><strong>Lieu<\/strong><\/span><\/h6>\n<p>Reliance Association &#8211; 14 avenue Victor Hugo &#8211; Echirolles<\/p>\n<h6><strong><span style=\"color: #ff6600\">Intervenants<\/span><\/strong><\/h6>\n<p>&#8211;\u00a0 \u00a0 \u00a0 \u00a0b\u00e9n\u00e9voles dans ce dispositif<\/p>\n<p>&#8211;\u00a0 \u00a0 \u00a0 \u00a0membres de Reliance Association et accr\u00e9dit\u00e9s Praticiens en M\u00e9thode ESPERE\u00ae par l\u2019Institut ESPERE International, ou en cours d\u2019accr\u00e9ditation<\/p>\n<p>&#8211;\u00a0 \u00a0 \u00a0 \u00a0valid\u00e9s par accord du Bureau de Reliance Association suite \u00e0 candidature (lettre de motivation et exp\u00e9rience)<\/p>\n<p>&#8211;\u00a0\u00a0\u00a0\u00a0\u00a0\u00a0 participent tous les 2 mois obligatoirement aux rencontres d&rsquo;analyse de pratique afin de partager leur retour d\u2019exp\u00e9rience, ce qui garantit la coh\u00e9rence dans le travail propos\u00e9 aux b\u00e9n\u00e9ficiaires<\/p>\n<h6><span style=\"color: #ff6600\"><strong>Modalit\u00e9s pratiques<\/strong><\/span><\/h6>\n<p>La personne qui oriente propose au b\u00e9n\u00e9ficiaire de prendre directement contact pour fixer un RDV au\u00a0:<\/p>\n<p><strong>07 67 53 33 42<\/strong><\/p>\n<p>Jusqu\u2019\u00e0 8 entretiens d\u20191 heure par personne sur une dur\u00e9e de 6 mois maximum<\/p>\n<p>Tout entretien annul\u00e9 moins de 48h avant le rendez-vous sera consid\u00e9r\u00e9 comme effectu\u00e9 et d\u00e9compt\u00e9 du nombre maximum d\u2019entretiens propos\u00e9.<\/p>\n","protected":false},"excerpt":{"rendered":"<p>Ecoute solidaire Reliance Association fait le choix solidaire de rendre accessibles les entretiens individuels dans un dispositif destin\u00e9 aux personnes \u00e0 revenu limit\u00e9. D\u00e9roulement et contenu des entretiens Dans un cadre de confidentialit\u00e9 et avec l&rsquo;aide de l&rsquo;intervenant, le b\u00e9n\u00e9ficiaire<\/p>\n","protected":false},"author":1,"featured_media":0,"parent":0,"menu_order":0,"comment_status":"closed","ping_status":"closed","template":"","meta":{"footnotes":""},"class_list":["post-1909","page","type-page","status-publish","hentry"],"_links":{"self":[{"href":"https:\/\/centrereliance.fr\/assoc-test\/wp-json\/wp\/v2\/pages\/1909","targetHints":{"allow":["GET"]}}],"collection":[{"href":"https:\/\/centrereliance.fr\/assoc-test\/wp-json\/wp\/v2\/pages"}],"about":[{"href":"https:\/\/centrereliance.fr\/assoc-test\/wp-json\/wp\/v2\/types\/page"}],"author":[{"embeddable":true,"href":"https:\/\/centrereliance.fr\/assoc-test\/wp-json\/wp\/v2\/users\/1"}],"replies":[{"embeddable":true,"href":"https:\/\/centrereliance.fr\/assoc-test\/wp-json\/wp\/v2\/comments?post=1909"}],"version-history":[{"count":16,"href":"https:\/\/centrereliance.fr\/assoc-test\/wp-json\/wp\/v2\/pages\/1909\/revisions"}],"predecessor-version":[{"id":2267,"href":"https:\/\/centrereliance.fr\/assoc-test\/wp-json\/wp\/v2\/pages\/1909\/revisions\/2267"}],"wp:attachment":[{"href":"https:\/\/centrereliance.fr\/assoc-test\/wp-json\/wp\/v2\/media?parent=1909"}],"curies":[{"name":"wp","href":"https:\/\/api.w.org\/{rel}","templated":true}]}}