{"id":268,"date":"2016-11-09T18:04:34","date_gmt":"2016-11-09T17:04:34","guid":{"rendered":"https:\/\/centrereliance.fr\/assoc-test\/?page_id=268"},"modified":"2019-06-25T23:07:04","modified_gmt":"2019-06-25T21:07:04","slug":"matinees-decouvertes","status":"publish","type":"page","link":"https:\/\/centrereliance.fr\/assoc-test\/matinees-decouvertes\/","title":{"rendered":"Matin\u00e9es d\u00e9couverte"},"content":{"rendered":"<p style=\"text-align: left\">Ouvertes \u00e0 tous, ces matin\u00e9es sont l\u2019occasion de d\u00e9couvrir la M\u00e9thode ESPERE\u00ae sur un temps court et d\u2019avoir un aper\u00e7u de l\u2019accompagnement propos\u00e9 au cours des stages ; il y est en effet possible d\u2019amorcer un cheminement vis-\u00e0-vis de sa propre histoire, soit en travaillant explicitement sur une situation pr\u00e9sente ou pass\u00e9e, soit gr\u00e2ce aux r\u00e9sonances qui se produisent en observant les personnes qui travaillent.<\/p>\n<p style=\"text-align: center\"><span style=\"color: #3366ff\">Bon plan\u00a0: vous pouvez inviter une personne \u00e0 venir avec vous gratuitement \u00e0 la matin\u00e9e d\u00e9couverte \u00e0 laquelle vous vous inscrivez\u00a0!<\/span><\/p>\n<p style=\"text-align: center\">Dans ce cas,<strong> merci de l&rsquo;indiquer<\/strong> dans la zone \u00ab\u00a0Informations compl\u00e9mentaires, notes de commandes\u00a0\u00bb, sur la page de commande.<\/p>\n<div class=\"woocommerce columns-1 \"><\/div>\n","protected":false},"excerpt":{"rendered":"<p>Ouvertes \u00e0 tous, ces matin\u00e9es sont l\u2019occasion de d\u00e9couvrir la M\u00e9thode ESPERE\u00ae sur un temps court et d\u2019avoir un aper\u00e7u de l\u2019accompagnement propos\u00e9 au cours des stages ; il y est en effet possible d\u2019amorcer un cheminement vis-\u00e0-vis de sa<\/p>\n","protected":false},"author":1,"featured_media":0,"parent":0,"menu_order":0,"comment_status":"open","ping_status":"closed","template":"","meta":{"footnotes":""},"class_list":["post-268","page","type-page","status-publish","hentry"],"_links":{"self":[{"href":"https:\/\/centrereliance.fr\/assoc-test\/wp-json\/wp\/v2\/pages\/268","targetHints":{"allow":["GET"]}}],"collection":[{"href":"https:\/\/centrereliance.fr\/assoc-test\/wp-json\/wp\/v2\/pages"}],"about":[{"href":"https:\/\/centrereliance.fr\/assoc-test\/wp-json\/wp\/v2\/types\/page"}],"author":[{"embeddable":true,"href":"https:\/\/centrereliance.fr\/assoc-test\/wp-json\/wp\/v2\/users\/1"}],"replies":[{"embeddable":true,"href":"https:\/\/centrereliance.fr\/assoc-test\/wp-json\/wp\/v2\/comments?post=268"}],"version-history":[{"count":14,"href":"https:\/\/centrereliance.fr\/assoc-test\/wp-json\/wp\/v2\/pages\/268\/revisions"}],"predecessor-version":[{"id":2325,"href":"https:\/\/centrereliance.fr\/assoc-test\/wp-json\/wp\/v2\/pages\/268\/revisions\/2325"}],"wp:attachment":[{"href":"https:\/\/centrereliance.fr\/assoc-test\/wp-json\/wp\/v2\/media?parent=268"}],"curies":[{"name":"wp","href":"https:\/\/api.w.org\/{rel}","templated":true}]}}