{"id":645,"date":"2017-05-22T11:16:23","date_gmt":"2017-05-22T09:16:23","guid":{"rendered":"https:\/\/centrereliance.fr\/assoc-test\/?page_id=645"},"modified":"2017-05-22T18:16:21","modified_gmt":"2017-05-22T16:16:21","slug":"methode-espere","status":"publish","type":"page","link":"https:\/\/centrereliance.fr\/assoc-test\/methode-espere\/","title":{"rendered":"M\u00e9thode ESPERE\u00ae"},"content":{"rendered":"<div>La sp\u00e9cificit\u00e9 de Reliance est son ancrage dans la M\u00e9thode ESPERE<strong><sup>\u00ae <\/sup><\/strong> , \u00e0 laquelle tous nos intervenants sont form\u00e9s. Elle est un outil pr\u00e9cieux et totalement innovant pour aborder toutes les situations de la vie, d\u00e9velopper de bonnes relations, apporter de la clairvoyance sur les d\u00e9cisions \u00e0 prendre, nous lib\u00e9rer de nos processus limitants. [showhide type=\u00a0\u00bbone\u00a0\u00bb more_text=\u00a0\u00bbEn savoir plus\u00a0\u00bb less_text=\u00a0\u00bbR\u00e9duire\u00a0\u00bb]<br \/>\nElle a \u00e9t\u00e9 \u00e9labor\u00e9e par le psychosociologue <strong>Jacques Salom\u00e9<\/strong>, \u00e0 l\u2019issue de l\u2019accompagnement de plusieurs dizaines de milliers de personnes, au cours de plus de 30 ann\u00e9es d\u2019animation de stages.Elle s\u2019est ainsi construite et affin\u00e9e au fur et \u00e0 mesure de la confrontation \u00e0 d\u2019innombrables situations relationnelles et d\u2019histoires de vies. C\u2019est un nouveau \u00ab savoir-\u00eatre \u00bb qui est propos\u00e9 par cette d\u00e9marche ; le \u00ab savoir-faire \u00bb comportemental, c\u2019est-\u00e0-dire notre fa\u00e7on de d\u2019agir, en d\u00e9coule naturellement.<\/p>\n<p>La M\u00e9thode ESPERE<strong><sup>\u00ae <\/sup><\/strong> s\u2019apprend \u00e0 tout \u00e2ge, se pratique au jour le jour et peut se transmettre \u00e0 son entourage. Elle apporte plus d\u2019autonomie relationnelle et affective, plus d\u2019\u00e9nergie et de dynamisme.[\/showhide]<\/p>\n<\/div>\n<p>&nbsp;<\/p>\n<p><span style=\"color: #ff6600;\"><strong>La M\u00e9thode<\/strong> <strong> ESPER<\/strong><strong>E<sup>\u00ae <\/sup>comprend trois composantes :<\/strong><\/span><\/p>\n<ul>\n<li>Un ensemble de <strong> concepts de base<\/strong>, points de rep\u00e8re visant \u00e0 clarifier ce qui est v\u00e9cu<\/li>\n<li>Des r\u00e8gles <strong>\u00ab\u00a0d\u2019hygi\u00e8ne relationnelle\u00a0\u00bb<\/strong> pour proposer \u00e0 notre entourage des relations vivantes et ne pas se laisser entra\u00eener dans des relations d\u00e9vitalisantes<\/li>\n<li>Des <strong>outils concrets<\/strong> pour vivifier ou assainir les relations, notamment les d\u00e9marches symboliques<\/li>\n<\/ul>\n<p><span style=\"color: #ff6600;\"><strong>Elle vise trois objectifs principaux :<\/strong><\/span><\/p>\n<ul>\n<li>Am\u00e9liorer nos relations pr\u00e9sentes avec notre environnement personnel, familial, amical, associatif ou professionnel<\/li>\n<li>Am\u00e9liorer la pr\u00e9sence \u00e0 soi pour \u00eatre coh\u00e9rent dans nos choix ; fournir une grille d\u2019analyse pertinente face aux d\u00e9cisions \u00e0 prendre<\/li>\n<li>Apaiser les situations inachev\u00e9es de notre histoire qui sont \u00e0 l\u2019origine des processus limitants qui viennent parfois faire obstacle \u00e0 ce que nous souhaiterions \u00eatre<\/li>\n<\/ul>\n<p><span style=\"color: #ff6600;\"><strong>En stage, une p\u00e9dagogie sp\u00e9cifique :<\/strong><\/span><\/p>\n<p>La M\u00e9thode ESPERE<strong><sup>\u00ae <\/sup><\/strong>consiste \u00e9galement, pour les praticiens, en une m\u00e9thode sp\u00e9cifique d\u2019accompagnement des groupes et des personnes, ludique et dynamique : la <strong>visualisation externe<\/strong>. C\u2019est un moyen puissant pour clarifier et enrichir l\u2019expression des personnes ; il leur permet ainsi d\u2019acc\u00e9der aux diff\u00e9rents processus qui les animent et peuvent \u00eatre \u00e0 l\u2019origine de leurs difficult\u00e9s pr\u00e9sentes. Les apports didactiques du formateur sur la M\u00e9thode ESPERE<strong><sup>\u00ae <\/sup><\/strong> viennent s\u2019appuyer sur les exemples concrets travaill\u00e9s en \u00ab visualisation externe \u00bb par les participants.<\/p>\n<p>&nbsp;<\/p>\n","protected":false},"excerpt":{"rendered":"<p>La sp\u00e9cificit\u00e9 de Reliance est son ancrage dans la M\u00e9thode ESPERE\u00ae , \u00e0 laquelle tous nos intervenants sont form\u00e9s. Elle est un outil pr\u00e9cieux et totalement innovant pour aborder toutes les situations de la vie, d\u00e9velopper de bonnes relations, apporter<\/p>\n","protected":false},"author":1,"featured_media":0,"parent":0,"menu_order":0,"comment_status":"closed","ping_status":"closed","template":"","meta":{"footnotes":""},"class_list":["post-645","page","type-page","status-publish","hentry"],"_links":{"self":[{"href":"https:\/\/centrereliance.fr\/assoc-test\/wp-json\/wp\/v2\/pages\/645","targetHints":{"allow":["GET"]}}],"collection":[{"href":"https:\/\/centrereliance.fr\/assoc-test\/wp-json\/wp\/v2\/pages"}],"about":[{"href":"https:\/\/centrereliance.fr\/assoc-test\/wp-json\/wp\/v2\/types\/page"}],"author":[{"embeddable":true,"href":"https:\/\/centrereliance.fr\/assoc-test\/wp-json\/wp\/v2\/users\/1"}],"replies":[{"embeddable":true,"href":"https:\/\/centrereliance.fr\/assoc-test\/wp-json\/wp\/v2\/comments?post=645"}],"version-history":[{"count":2,"href":"https:\/\/centrereliance.fr\/assoc-test\/wp-json\/wp\/v2\/pages\/645\/revisions"}],"predecessor-version":[{"id":652,"href":"https:\/\/centrereliance.fr\/assoc-test\/wp-json\/wp\/v2\/pages\/645\/revisions\/652"}],"wp:attachment":[{"href":"https:\/\/centrereliance.fr\/assoc-test\/wp-json\/wp\/v2\/media?parent=645"}],"curies":[{"name":"wp","href":"https:\/\/api.w.org\/{rel}","templated":true}]}}