{"id":2153,"date":"2019-05-10T17:05:02","date_gmt":"2019-05-10T15:05:02","guid":{"rendered":"https:\/\/centrereliance.fr\/assoc-test\/?post_type=product&#038;p=2153"},"modified":"2021-03-29T12:12:29","modified_gmt":"2021-03-29T10:12:29","slug":"chouette-demain-cest-lundi-des-cles-pour-mieux-vivre-au-travail","status":"publish","type":"product","link":"https:\/\/centrereliance.fr\/assoc-test\/produit\/chouette-demain-cest-lundi-des-cles-pour-mieux-vivre-au-travail\/","title":{"rendered":"Chouette, demain c&rsquo;est lundi ! Des cl\u00e9s pour mieux vivre au travail"},"content":{"rendered":"\r\n<p>Surcharge de travail, changements impos\u00e9s et r\u00e9p\u00e9titifs, tensions relationnelles, organisation ou moyens inadapt\u00e9s, incoh\u00e9rences, inactivit\u00e9 \u2026 Les origines de la d\u00e9motivation, voire de l\u2019\u00e9puisement au travail sont nombreuses.<\/p>\r\n\r\n\r\n\r\n<p>Si les employeurs se doivent de veiller \u00e0 prot\u00e9ger la sant\u00e9 physique et mentale de leurs salari\u00e9s, il appartient \u00e9galement \u00e0 chacun de ne pas se laisser entra\u00eener dans une spirale de difficult\u00e9s. Des pistes seront propos\u00e9es pour \u00e9voluer vers une meilleure qualit\u00e9 de vie au travail.<\/p>\r\n","protected":false},"excerpt":{"rendered":"<p>Surcharge de travail, changements impos\u00e9s et r\u00e9p\u00e9titifs, tensions relationnelles, organisation ou moyens inadapt\u00e9s, incoh\u00e9rences, inactivit\u00e9 \u2026 Les origines de la d\u00e9motivation, voire de l\u2019\u00e9puisement au travail sont nombreuses. Si les employeurs se doivent de veiller \u00e0 prot\u00e9ger la sant\u00e9 physique<\/p>\n","protected":false},"featured_media":2313,"comment_status":"open","ping_status":"closed","template":"","meta":[],"product_brand":[],"product_cat":[22],"product_tag":[],"class_list":{"0":"post-2153","1":"product","2":"type-product","3":"status-publish","4":"has-post-thumbnail","6":"product_cat-ateliers","8":"first","9":"instock","10":"purchasable","11":"product-type-simple"},"_links":{"self":[{"href":"https:\/\/centrereliance.fr\/assoc-test\/wp-json\/wp\/v2\/product\/2153","targetHints":{"allow":["GET"]}}],"collection":[{"href":"https:\/\/centrereliance.fr\/assoc-test\/wp-json\/wp\/v2\/product"}],"about":[{"href":"https:\/\/centrereliance.fr\/assoc-test\/wp-json\/wp\/v2\/types\/product"}],"replies":[{"embeddable":true,"href":"https:\/\/centrereliance.fr\/assoc-test\/wp-json\/wp\/v2\/comments?post=2153"}],"wp:featuredmedia":[{"embeddable":true,"href":"https:\/\/centrereliance.fr\/assoc-test\/wp-json\/wp\/v2\/media\/2313"}],"wp:attachment":[{"href":"https:\/\/centrereliance.fr\/assoc-test\/wp-json\/wp\/v2\/media?parent=2153"}],"wp:term":[{"taxonomy":"product_brand","embeddable":true,"href":"https:\/\/centrereliance.fr\/assoc-test\/wp-json\/wp\/v2\/product_brand?post=2153"},{"taxonomy":"product_cat","embeddable":true,"href":"https:\/\/centrereliance.fr\/assoc-test\/wp-json\/wp\/v2\/product_cat?post=2153"},{"taxonomy":"product_tag","embeddable":true,"href":"https:\/\/centrereliance.fr\/assoc-test\/wp-json\/wp\/v2\/product_tag?post=2153"}],"curies":[{"name":"wp","href":"https:\/\/api.w.org\/{rel}","templated":true}]}}