{"id":272,"date":"2025-08-28T18:04:52","date_gmt":"2025-08-28T16:04:52","guid":{"rendered":"https:\/\/centrereliance.fr\/association\/?page_id=272"},"modified":"2026-01-22T17:48:01","modified_gmt":"2026-01-22T16:48:01","slug":"stage-relations-interpersonnelles","status":"publish","type":"page","link":"https:\/\/centrereliance.fr\/association\/stage-relations-interpersonnelles\/","title":{"rendered":"Stages relations interpersonnelles"},"content":{"rendered":"<p>[et_pb_section fb_built=\u00a0\u00bb1&Prime; admin_label=\u00a0\u00bbsection\u00a0\u00bb _builder_version=\u00a0\u00bb4.16&Prime; global_colors_info=\u00a0\u00bb{}\u00a0\u00bb][et_pb_row _builder_version=\u00a0\u00bb4.22.1&Prime; _module_preset=\u00a0\u00bbdefault\u00a0\u00bb width=\u00a0\u00bb90%\u00a0\u00bb global_colors_info=\u00a0\u00bb{}\u00a0\u00bb][et_pb_column type=\u00a0\u00bb4_4&Prime; _builder_version=\u00a0\u00bb4.22.1&Prime; _module_preset=\u00a0\u00bbdefault\u00a0\u00bb global_colors_info=\u00a0\u00bb{}\u00a0\u00bb][et_pb_image src=\u00a0\u00bbhttps:\/\/centrereliance.fr\/association\/wp-content\/uploads\/sites\/2\/2025\/08\/stages-approfondissement-espere_.jpeg\u00a0\u00bb alt=\u00a0\u00bbStages relations interpersonnelles\u00a0\u00bb align=\u00a0\u00bbcenter\u00a0\u00bb _builder_version=\u00a0\u00bb4.27.4&Prime; _module_preset=\u00a0\u00bbdefault\u00a0\u00bb max_height=\u00a0\u00bb70vh\u00a0\u00bb border_radii=\u00a0\u00bbon|25px|25px|25px|25px\u00a0\u00bb locked=\u00a0\u00bboff\u00a0\u00bb global_colors_info=\u00a0\u00bb{}\u00a0\u00bb][\/et_pb_image][et_pb_post_title meta=\u00a0\u00bboff\u00a0\u00bb _builder_version=\u00a0\u00bb4.22.1&Prime; _module_preset=\u00a0\u00bbdefault\u00a0\u00bb title_font=\u00a0\u00bb|||on|||||\u00a0\u00bb title_text_align=\u00a0\u00bbcenter\u00a0\u00bb title_text_color=\u00a0\u00bb#F08A2E\u00a0\u00bb locked=\u00a0\u00bboff\u00a0\u00bb global_colors_info=\u00a0\u00bb{}\u00a0\u00bb][\/et_pb_post_title][\/et_pb_column][\/et_pb_row][et_pb_row admin_label=\u00a0\u00bbrow\u00a0\u00bb _builder_version=\u00a0\u00bb4.25.1&Prime; background_size=\u00a0\u00bbinitial\u00a0\u00bb background_position=\u00a0\u00bbtop_left\u00a0\u00bb background_repeat=\u00a0\u00bbrepeat\u00a0\u00bb width=\u00a0\u00bb90%\u00a0\u00bb custom_margin=\u00a0\u00bb||50px||false|false\u00a0\u00bb custom_padding=\u00a0\u00bb10px|10px|10px|10px|true|true\u00a0\u00bb border_radii=\u00a0\u00bbon|20px|20px|20px|20px\u00a0\u00bb border_width_all=\u00a0\u00bb1px\u00a0\u00bb border_color_all=\u00a0\u00bb#F08A2E\u00a0\u00bb global_colors_info=\u00a0\u00bb{}\u00a0\u00bb][et_pb_column type=\u00a0\u00bb4_4&Prime; _builder_version=\u00a0\u00bb4.16&Prime; custom_padding=\u00a0\u00bb|||\u00a0\u00bb global_colors_info=\u00a0\u00bb{}\u00a0\u00bb custom_padding__hover=\u00a0\u00bb|||\u00a0\u00bb][et_pb_image src=\u00a0\u00bbhttps:\/\/centrereliance.fr\/association\/wp-content\/uploads\/sites\/2\/2025\/08\/modalites-formation.png\u00a0\u00bb title_text=\u00a0\u00bbmodalites-formation\u00a0\u00bb _builder_version=\u00a0\u00bb4.25.1&Prime; _module_preset=\u00a0\u00bbdefault\u00a0\u00bb max_width=\u00a0\u00bb80px\u00a0\u00bb module_alignment=\u00a0\u00bbcenter\u00a0\u00bb custom_margin=\u00a0\u00bb||20px||false|false\u00a0\u00bb locked=\u00a0\u00bboff\u00a0\u00bb global_colors_info=\u00a0\u00bb{}\u00a0\u00bb][\/et_pb_image][et_pb_text _builder_version=\u00a0\u00bb4.25.1&Prime; _module_preset=\u00a0\u00bbdefault\u00a0\u00bb text_text_color=\u00a0\u00bb#F08A2E\u00a0\u00bb header_text_align=\u00a0\u00bbcenter\u00a0\u00bb header_text_color=\u00a0\u00bb#F08A2E\u00a0\u00bb header_2_text_align=\u00a0\u00bbcenter\u00a0\u00bb header_2_text_color=\u00a0\u00bb#F08A2E\u00a0\u00bb header_3_text_color=\u00a0\u00bb#9A486F\u00a0\u00bb locked=\u00a0\u00bboff\u00a0\u00bb global_colors_info=\u00a0\u00bb{}\u00a0\u00bb]<\/p>\n<h2>Quelles sont les modalit\u00e9s des stages ?<\/h2>\n<p>[\/et_pb_text][et_pb_text module_class=\u00a0\u00bbtick-bullets\u00a0\u00bb _builder_version=\u00a0\u00bb4.27.4&Prime; _module_preset=\u00a0\u00bbdefault\u00a0\u00bb text_orientation=\u00a0\u00bbjustified\u00a0\u00bb global_colors_info=\u00a0\u00bb{}\u00a0\u00bb]<\/p>\n<p>Il est possible de mieux comprendre et donc d\u2019am\u00e9liorer ses relations interpersonnelles tout comme la relation \u00e0 soi.<\/p>\n<p>&nbsp;<\/p>\n<h3>Oser \u00eatre soi dans la relation aux autres<\/h3>\n<p>Un stage de deux jours pour transformer vos relations, en profondeur et en douceur<\/p>\n<p>Vous sentez que certaines de vos relations vous p\u00e8sent, vous limitent, ou ne vous ressemblent plus ? Ou vous avez le d\u00e9sir de vous repositionner, d\u2019\u00eatre plus en accord avec vous-m\u00eame tout en construisant des liens plus sains avec les autres ?<br \/>Ce stage est justement une invitation \u00e0 faire un pas de c\u00f4t\u00e9, pour mieux comprendre vos fonctionnements relationnels et retrouver par cons\u00e9quent une libert\u00e9 d\u2019\u00eatre dans la relation.<\/p>\n<p>&nbsp;<\/p>\n<h3>Objectifs du stage<\/h3>\n<ul>\n<li>Prendre du recul sur votre mode relationnel avec votre conjoint, vos enfants, vos parents, vos amis ou vos coll\u00e8gues de travail, et trouver ainsi des positionnements relationnels plus en accord avec ce que vous souhaitez \u00eatre;<\/li>\n<li>Mettre de l\u2019ordre dans les situations relationnelles, r\u00e9centes ou anciennes, rest\u00e9es inachev\u00e9es et qui, encore aujourd\u2019hui, interf\u00e8rent dans votre quotidien en influen\u00e7ant vos ressentis et comportements;<\/li>\n<li>D\u00e9velopper plus d\u2019estime de soi et de confiance en soi, avoir confiance en vos capacit\u00e9s et vos ressources pour aborder toutes les situations de la vie;<\/li>\n<li>D\u00e9velopper une qualit\u00e9 d\u2019\u00eatre et d\u2019\u00e9coute, permettant alors, dans votre r\u00e9seau familial et social, d\u2019\u00eatre un \u00e9l\u00e9ment apaisant et dynamisant pour des relations plus harmonieuses.<\/li>\n<\/ul>\n<p>&nbsp;<\/p>\n<h3>Une exploration personnelle, dans un cadre collectif bienveillant<\/h3>\n<p>Durant ces deux jours, vous travaillez sur vos propres situations \u2013 qu\u2019elles soient actuelles ou anciennes \u2013 celles pour lesquelles vous sentez qu\u2019un changement est n\u00e9cessaire.<br \/>Le partage des exp\u00e9riences, l\u2019\u00e9coute des autres, les exercices v\u00e9cus en groupe offrent des \u00e9clairages pr\u00e9cieux et viennent par cons\u00e9quent enrichir votre propre cheminement.<\/p>\n<p>&nbsp;<\/p>\n<h3>Une m\u00e9thode pour \u00e9clairer vos relations interpersonnelles<\/h3>\n<p>Nous nous appuyons sur la M\u00e9thode ESPERE\u00ae, une approche claire, concr\u00e8te et profond\u00e9ment respectueuse de soi et des autres. Elle propose en effet des rep\u00e8res simples pour mieux communiquer, se positionner sans s\u2019imposer, sortir des malentendus et cr\u00e9er des relations vivantes, \u00e9quilibr\u00e9es et nourrissantes.<\/p>\n<p>&nbsp;<\/p>\n<h3>(Re)trouver l\u2019amour de soi, pour mieux aimer l\u2019autre<\/h3>\n<p>Ce stage est aussi un chemin vers soi. Car s\u2019aimer soi-m\u00eame, se faire confiance, conna\u00eetre sa propre valeur sont des conditions fondamentales pour aimer l\u2019autre et construire des relations interpersonnelles \u00e9panouissantes.<br \/>Nous explorons ensemble des outils, des prises de conscience et parfois des d\u00e9marches symboliques, pour mettre des mots (ou des gestes) l\u00e0 o\u00f9 les blessures, les non-dits ou les silences ont laiss\u00e9 une empreinte.<\/p>\n<p>Nous pr\u00eatons \u00e9galement attention au langage du corps, \u00e0 ses tensions, \u00e0 ses maux, qui nous parlent souvent de notre histoire relationnelle.<\/p>\n<p>&nbsp;<\/p>\n<h3>Des cl\u00e9s concr\u00e8tes pour aujourd\u2019hui<\/h3>\n<p>\u00c0 l\u2019issue du stage, vous repartez avec des rep\u00e8res clairs, des outils pratiques ainsi que des ressources int\u00e9rieures renforc\u00e9es pour :<\/p>\n<ul>\n<li>mieux vous positionner dans vos relations;<\/li>\n<li>r\u00e9soudre des situations d\u00e9licates ou inachev\u00e9es;<\/li>\n<li>nourrir des liens vivants et authentiques;<\/li>\n<li>vous sentir plus libre d\u2019\u00eatre pleinement vous-m\u00eame.<\/li>\n<\/ul>\n<p>&nbsp;<\/p>\n<p>Alors, offrez-vous ce temps de recentrage, de transformation et d\u2019ouverture \u00e0 soi et aux autres. Un cadeau pour vous\u2026 mais aussi pour toutes vos relations.<\/p>\n<p><span>D\u2019autres activit\u00e9s viennent compl\u00e9ter l\u2019offre de Reliance Association, telles que des <a href=\"https:\/\/centrereliance.fr\/association\/conference-sur-le-bien-etre\/\">conf\u00e9rences<\/a> <\/span><span>ou des\u00a0<\/span><a href=\"https:\/\/centrereliance.fr\/association\/ateliers-communication\/\">ateliers<\/a><span>.<\/span><\/p>\n<p><span><\/span><\/p>\n<p>[\/et_pb_text][\/et_pb_column][\/et_pb_row][et_pb_row admin_label=\u00a0\u00bbrow\u00a0\u00bb _builder_version=\u00a0\u00bb4.22.1&Prime; background_size=\u00a0\u00bbinitial\u00a0\u00bb background_position=\u00a0\u00bbtop_left\u00a0\u00bb background_repeat=\u00a0\u00bbrepeat\u00a0\u00bb width=\u00a0\u00bb90%\u00a0\u00bb custom_padding=\u00a0\u00bb10px|10px|10px|10px|true|true\u00a0\u00bb border_radii=\u00a0\u00bbon|20px|20px|20px|20px\u00a0\u00bb border_width_all=\u00a0\u00bb1px\u00a0\u00bb border_color_all=\u00a0\u00bb#F08A2E\u00a0\u00bb global_colors_info=\u00a0\u00bb{}\u00a0\u00bb][et_pb_column type=\u00a0\u00bb4_4&Prime; _builder_version=\u00a0\u00bb4.16&Prime; custom_padding=\u00a0\u00bb|||\u00a0\u00bb global_colors_info=\u00a0\u00bb{}\u00a0\u00bb custom_padding__hover=\u00a0\u00bb|||\u00a0\u00bb][et_pb_image src=\u00a0\u00bbhttps:\/\/centrereliance.fr\/association\/wp-content\/uploads\/sites\/2\/2025\/08\/calendrier.png\u00a0\u00bb title_text=\u00a0\u00bbcalendrier\u00a0\u00bb module_id=\u00a0\u00bbactions-programmees\u00a0\u00bb _builder_version=\u00a0\u00bb4.27.4&Prime; _module_preset=\u00a0\u00bbdefault\u00a0\u00bb max_width=\u00a0\u00bb80px\u00a0\u00bb module_alignment=\u00a0\u00bbcenter\u00a0\u00bb custom_margin=\u00a0\u00bb||20px||false|false\u00a0\u00bb locked=\u00a0\u00bboff\u00a0\u00bb global_colors_info=\u00a0\u00bb{}\u00a0\u00bb][\/et_pb_image][et_pb_text _builder_version=\u00a0\u00bb4.25.1&Prime; _module_preset=\u00a0\u00bbdefault\u00a0\u00bb text_text_color=\u00a0\u00bb#F08A2E\u00a0\u00bb header_text_align=\u00a0\u00bbcenter\u00a0\u00bb header_text_color=\u00a0\u00bb#F08A2E\u00a0\u00bb header_2_text_align=\u00a0\u00bbcenter\u00a0\u00bb header_2_text_color=\u00a0\u00bb#F08A2E\u00a0\u00bb header_3_text_color=\u00a0\u00bb#9A486F\u00a0\u00bb locked=\u00a0\u00bboff\u00a0\u00bb global_colors_info=\u00a0\u00bb{}\u00a0\u00bb]<\/p>\n<h2>Quand a lieu le prochain stage ?<\/h2>\n<p>[\/et_pb_text][et_pb_shop type=\u00a0\u00bbproduct_category\u00a0\u00bb include_categories=\u00a0\u00bb153&Prime; columns_number=\u00a0\u00bb1&Prime; orderby=\u00a0\u00bbmenu_order\u00a0\u00bb _builder_version=\u00a0\u00bb4.27.4&Prime; _module_preset=\u00a0\u00bbdefault\u00a0\u00bb global_colors_info=\u00a0\u00bb{}\u00a0\u00bb][\/et_pb_shop][\/et_pb_column][\/et_pb_row][et_pb_row _builder_version=\u00a0\u00bb4.22.1&Prime; _module_preset=\u00a0\u00bbdefault\u00a0\u00bb width=\u00a0\u00bb90%\u00a0\u00bb global_colors_info=\u00a0\u00bb{}\u00a0\u00bb][et_pb_column type=\u00a0\u00bb4_4&Prime; _builder_version=\u00a0\u00bb4.22.1&Prime; _module_preset=\u00a0\u00bbdefault\u00a0\u00bb global_colors_info=\u00a0\u00bb{}\u00a0\u00bb][et_pb_text _builder_version=\u00a0\u00bb4.22.1&Prime; _module_preset=\u00a0\u00bbdefault\u00a0\u00bb text_text_color=\u00a0\u00bb#F08A2E\u00a0\u00bb header_text_color=\u00a0\u00bb#F08A2E\u00a0\u00bb header_2_text_color=\u00a0\u00bb#F08A2E\u00a0\u00bb header_3_text_color=\u00a0\u00bb#9A486F\u00a0\u00bb locked=\u00a0\u00bboff\u00a0\u00bb global_colors_info=\u00a0\u00bb{}\u00a0\u00bb]<\/p>\n<h2>COMMENTAIRES<\/h2>\n<p>[\/et_pb_text][et_pb_comments show_count=\u00a0\u00bboff\u00a0\u00bb _builder_version=\u00a0\u00bb4.27.4&Prime; _module_preset=\u00a0\u00bbdefault\u00a0\u00bb text_orientation=\u00a0\u00bbjustified\u00a0\u00bb border_radii_fields=\u00a0\u00bbon|15px|15px|15px|15px\u00a0\u00bb global_colors_info=\u00a0\u00bb{}\u00a0\u00bb][\/et_pb_comments][\/et_pb_column][\/et_pb_row][\/et_pb_section]<\/p>\n","protected":false},"excerpt":{"rendered":"<p>Quelles sont les modalit\u00e9s des stages ?Il est possible de mieux comprendre et donc d\u2019am\u00e9liorer ses relations interpersonnelles tout comme la relation \u00e0 soi. &nbsp; Oser \u00eatre soi dans la relation aux autres Un stage de deux jours pour transformer vos relations, en profondeur et en douceur Vous sentez que certaines de vos relations vous [&hellip;]<\/p>\n","protected":false},"author":1,"featured_media":0,"parent":0,"menu_order":0,"comment_status":"open","ping_status":"closed","template":"","meta":{"_et_pb_use_builder":"on","_et_pb_old_content":"<div class=\"encart-comment\">\n<div class=\"title\">Commentaires des participants<\/div>\n<div class=\"encart-comment-btn\"><a class=\"btn btn-success btn-comment\" href=\"#c1\">\u00e0 lire<\/a><a class=\"btn btn-primary  btn-comment\" href=\"#commentform\">\u00e0 \u00e9crire<\/a><\/div>\n<\/div>\n<h4><span style=\"color: #ff6600\">Objectifs<\/span><\/h4>\n<ul>\n \t<li><span style=\"color: #0554b5\">Prendre du recul sur votre mode relationnel<\/span> avec conjoint, enfants, parents, amis, coll\u00e8gues de travail et trouver des <span style=\"color: #0554b5\">positionnements<\/span> <span style=\"color: #0554b5\">relationnels<\/span> plus en accord avec ce que vous souhaitez \u00eatre<\/li>\n \t<li><span style=\"color: #0554b5\">Mettre de l'ordre dans les situations relationnelles<\/span> pass\u00e9es r\u00e9centes ou anciennes rest\u00e9es inachev\u00e9es et qui aujourd'hui encore\u00a0 viennent interf\u00e9rer dans votre quotidien en influen\u00e7ant vos ressentis et comportements<\/li>\n \t<li><span style=\"color: #0554b5\">D\u00e9velopper plus d'estime de soi et de confiance en soi<\/span>, avoir confiance en vos <span style=\"color: #0554b5\">capacit\u00e9s<\/span> et vos <span style=\"color: #0554b5\">ressources<\/span> pour aborder toutes les situations de la vie<\/li>\n \t<li><span style=\"color: #0554b5\">D\u00e9velopper une qualit\u00e9 d'\u00eatre et d'\u00e9coute<\/span> permettant, dans votre r\u00e9seau familial et social, d'\u00eatre un <span style=\"color: #0554b5\">\u00e9l\u00e9ment apaisant et dynamisant<\/span> pour des relations plus harmonieuses<\/li>\n<\/ul>\n[showhide type=\"one\" more_text=\"...en savoir plus\" less_text=\"R\u00e9duire\"]\n\nVous travaillez sur les <span style=\"color: #0554b5\">situations personnelles, pr\u00e9sentes ou anciennes<\/span>, sur lesquelles vous souhaitez avancer.\u00a0 La diversit\u00e9 des t\u00e9moignages, les situations travaill\u00e9es par d'autres, le v\u00e9cu des exercices propos\u00e9s, sont autant de stimulations permettant d'agrandir son champ de vision pour sa propre vie et d'acc\u00e9der \u00e0 une prise de conscience sur des points importants.\n\nAu travers de l'accompagnement propos\u00e9, vous d\u00e9couvrez ou approfondissez les <span style=\"color: #0554b5\">balises clarifiantes et nourrissantes\u00a0 de la M\u00e9thode ESPERE<sup>\u00ae<\/sup><\/span>.\n\nNous explorons ainsi les chemins pour (re)trouver l\u2019<span style=\"color: #0554b5\">amour de soi<\/span> et la <span style=\"color: #0554b5\">confiance en soi<\/span>. Car s\u2019aimer soi-m\u00eame, se faire confiance, conna\u00eetre sa propre valeur, sont les conditions pour pouvoir aimer l\u2019autre et lui proposer une relation saine et \u00e9panouissante.\n\nNous explorons \u00e9galement les <span style=\"color: #0554b5\">d\u00e9marches symboliques<\/span> lorsque les mots ne suffisent pas pour achever une situation pr\u00e9sente ou pass\u00e9e ; il peut aussi \u00eatre\u00a0 propos\u00e9 d'entendre ce que notre corps, avec ses maux, tente de dire de nous et de notre histoire.\n\nDes cl\u00e9s sont propos\u00e9es pour r\u00e9soudre les situations relationnelles pr\u00e9sentes d\u00e9licates, <span style=\"color: #0554b5\">nourrir les relations<\/span> avec les autres pour en faire des liens vivants, permettant \u00e0 chacun\u00b7e d\u2019<span style=\"color: #0554b5\">amplifier son \u00e9nergie<\/span> et de <span style=\"color: #0554b5\">devenir pleinement soi-m\u00eame<\/span> ![\/showhide]\n\n[product_category category=\"stages\" columns=\"1\"]\n<h5 id=\"c1\" class=\"anchor\"><span style=\"color: #ff6600\">Un formulaire est disponible en bas de page pour ajouter votre commentaire<\/span><\/h5>","_et_gb_content_width":"","footnotes":""},"class_list":["post-272","page","type-page","status-publish","hentry"],"yoast_head":"<!-- This site is optimized with the Yoast SEO plugin v25.8 - https:\/\/yoast.com\/wordpress\/plugins\/seo\/ -->\n<title>Stages relations interpersonnelles - Am\u00e9liorer ses relations et cheminer vers le meilleur de soi<\/title>\n<meta name=\"description\" content=\"L\u2019association Reliance \u00e0 Echirolles propose des stages pour les particuliers qui souhaitent transformer leurs relations interpersonnelles.\" \/>\n<meta name=\"robots\" content=\"index, follow, max-snippet:-1, max-image-preview:large, max-video-preview:-1\" \/>\n<link rel=\"canonical\" href=\"https:\/\/centrereliance.fr\/association\/stage-relations-interpersonnelles\/\" \/>\n<meta property=\"og:locale\" content=\"fr_FR\" \/>\n<meta property=\"og:type\" content=\"article\" \/>\n<meta property=\"og:title\" content=\"Stages relations interpersonnelles - Am\u00e9liorer ses relations et cheminer vers le meilleur de soi\" \/>\n<meta property=\"og:description\" content=\"L\u2019association Reliance \u00e0 Echirolles propose des stages pour les particuliers qui souhaitent transformer leurs relations interpersonnelles.\" \/>\n<meta property=\"og:url\" content=\"https:\/\/centrereliance.fr\/association\/stage-relations-interpersonnelles\/\" \/>\n<meta property=\"og:site_name\" content=\"Am\u00e9liorer ses relations et cheminer vers le meilleur de soi\" \/>\n<meta property=\"article:publisher\" content=\"https:\/\/www.facebook.com\/Reliance-Association-318815031580269\/\" \/>\n<meta property=\"article:modified_time\" content=\"2026-01-22T16:48:01+00:00\" \/>\n<meta name=\"twitter:card\" content=\"summary_large_image\" \/>\n<meta name=\"twitter:label1\" content=\"Dur\u00e9e de lecture estim\u00e9e\" \/>\n\t<meta name=\"twitter:data1\" content=\"7 minutes\" \/>\n<script type=\"application\/ld+json\" class=\"yoast-schema-graph\">{\"@context\":\"https:\/\/schema.org\",\"@graph\":[{\"@type\":\"WebPage\",\"@id\":\"https:\/\/centrereliance.fr\/association\/stage-relations-interpersonnelles\/\",\"url\":\"https:\/\/centrereliance.fr\/association\/stage-relations-interpersonnelles\/\",\"name\":\"Stages relations interpersonnelles - Am\u00e9liorer ses relations et cheminer vers le meilleur de soi\",\"isPartOf\":{\"@id\":\"https:\/\/centrereliance.fr\/association\/#website\"},\"datePublished\":\"2025-08-28T16:04:52+00:00\",\"dateModified\":\"2026-01-22T16:48:01+00:00\",\"description\":\"L\u2019association Reliance \u00e0 Echirolles propose des stages pour les particuliers qui souhaitent transformer leurs relations interpersonnelles.\",\"breadcrumb\":{\"@id\":\"https:\/\/centrereliance.fr\/association\/stage-relations-interpersonnelles\/#breadcrumb\"},\"inLanguage\":\"fr-FR\",\"potentialAction\":[{\"@type\":\"ReadAction\",\"target\":[\"https:\/\/centrereliance.fr\/association\/stage-relations-interpersonnelles\/\"]}]},{\"@type\":\"BreadcrumbList\",\"@id\":\"https:\/\/centrereliance.fr\/association\/stage-relations-interpersonnelles\/#breadcrumb\",\"itemListElement\":[{\"@type\":\"ListItem\",\"position\":1,\"name\":\"Accueil\",\"item\":\"https:\/\/centrereliance.fr\/association\/\"},{\"@type\":\"ListItem\",\"position\":2,\"name\":\"Stages relations interpersonnelles\"}]},{\"@type\":\"WebSite\",\"@id\":\"https:\/\/centrereliance.fr\/association\/#website\",\"url\":\"https:\/\/centrereliance.fr\/association\/\",\"name\":\"Am\u00e9liorer ses relations et cheminer vers le meilleur de soi\",\"description\":\"Nos actions \u00e0 destination des particuliers\",\"publisher\":{\"@id\":\"https:\/\/centrereliance.fr\/association\/#organization\"},\"potentialAction\":[{\"@type\":\"SearchAction\",\"target\":{\"@type\":\"EntryPoint\",\"urlTemplate\":\"https:\/\/centrereliance.fr\/association\/?s={search_term_string}\"},\"query-input\":{\"@type\":\"PropertyValueSpecification\",\"valueRequired\":true,\"valueName\":\"search_term_string\"}}],\"inLanguage\":\"fr-FR\"},{\"@type\":\"Organization\",\"@id\":\"https:\/\/centrereliance.fr\/association\/#organization\",\"name\":\"Reliance ASSOCIATION\",\"url\":\"https:\/\/centrereliance.fr\/association\/\",\"logo\":{\"@type\":\"ImageObject\",\"inLanguage\":\"fr-FR\",\"@id\":\"https:\/\/centrereliance.fr\/association\/#\/schema\/logo\/image\/\",\"url\":\"https:\/\/centrereliance.fr\/association\/wp-content\/uploads\/sites\/2\/2016\/10\/Logo-SARL-e1476290643249.jpg\",\"contentUrl\":\"https:\/\/centrereliance.fr\/association\/wp-content\/uploads\/sites\/2\/2016\/10\/Logo-SARL-e1476290643249.jpg\",\"width\":101,\"height\":110,\"caption\":\"Reliance ASSOCIATION\"},\"image\":{\"@id\":\"https:\/\/centrereliance.fr\/association\/#\/schema\/logo\/image\/\"},\"sameAs\":[\"https:\/\/www.facebook.com\/Reliance-Association-318815031580269\/\",\"https:\/\/www.linkedin.com\/company-beta\/16261855\"]}]}<\/script>\n<!-- \/ Yoast SEO plugin. -->","yoast_head_json":{"title":"Stages relations interpersonnelles - Am\u00e9liorer ses relations et cheminer vers le meilleur de soi","description":"L\u2019association Reliance \u00e0 Echirolles propose des stages pour les particuliers qui souhaitent transformer leurs relations interpersonnelles.","robots":{"index":"index","follow":"follow","max-snippet":"max-snippet:-1","max-image-preview":"max-image-preview:large","max-video-preview":"max-video-preview:-1"},"canonical":"https:\/\/centrereliance.fr\/association\/stage-relations-interpersonnelles\/","og_locale":"fr_FR","og_type":"article","og_title":"Stages relations interpersonnelles - Am\u00e9liorer ses relations et cheminer vers le meilleur de soi","og_description":"L\u2019association Reliance \u00e0 Echirolles propose des stages pour les particuliers qui souhaitent transformer leurs relations interpersonnelles.","og_url":"https:\/\/centrereliance.fr\/association\/stage-relations-interpersonnelles\/","og_site_name":"Am\u00e9liorer ses relations et cheminer vers le meilleur de soi","article_publisher":"https:\/\/www.facebook.com\/Reliance-Association-318815031580269\/","article_modified_time":"2026-01-22T16:48:01+00:00","twitter_card":"summary_large_image","twitter_misc":{"Dur\u00e9e de lecture estim\u00e9e":"7 minutes"},"schema":{"@context":"https:\/\/schema.org","@graph":[{"@type":"WebPage","@id":"https:\/\/centrereliance.fr\/association\/stage-relations-interpersonnelles\/","url":"https:\/\/centrereliance.fr\/association\/stage-relations-interpersonnelles\/","name":"Stages relations interpersonnelles - Am\u00e9liorer ses relations et cheminer vers le meilleur de soi","isPartOf":{"@id":"https:\/\/centrereliance.fr\/association\/#website"},"datePublished":"2025-08-28T16:04:52+00:00","dateModified":"2026-01-22T16:48:01+00:00","description":"L\u2019association Reliance \u00e0 Echirolles propose des stages pour les particuliers qui souhaitent transformer leurs relations interpersonnelles.","breadcrumb":{"@id":"https:\/\/centrereliance.fr\/association\/stage-relations-interpersonnelles\/#breadcrumb"},"inLanguage":"fr-FR","potentialAction":[{"@type":"ReadAction","target":["https:\/\/centrereliance.fr\/association\/stage-relations-interpersonnelles\/"]}]},{"@type":"BreadcrumbList","@id":"https:\/\/centrereliance.fr\/association\/stage-relations-interpersonnelles\/#breadcrumb","itemListElement":[{"@type":"ListItem","position":1,"name":"Accueil","item":"https:\/\/centrereliance.fr\/association\/"},{"@type":"ListItem","position":2,"name":"Stages relations interpersonnelles"}]},{"@type":"WebSite","@id":"https:\/\/centrereliance.fr\/association\/#website","url":"https:\/\/centrereliance.fr\/association\/","name":"Am\u00e9liorer ses relations et cheminer vers le meilleur de soi","description":"Nos actions \u00e0 destination des particuliers","publisher":{"@id":"https:\/\/centrereliance.fr\/association\/#organization"},"potentialAction":[{"@type":"SearchAction","target":{"@type":"EntryPoint","urlTemplate":"https:\/\/centrereliance.fr\/association\/?s={search_term_string}"},"query-input":{"@type":"PropertyValueSpecification","valueRequired":true,"valueName":"search_term_string"}}],"inLanguage":"fr-FR"},{"@type":"Organization","@id":"https:\/\/centrereliance.fr\/association\/#organization","name":"Reliance ASSOCIATION","url":"https:\/\/centrereliance.fr\/association\/","logo":{"@type":"ImageObject","inLanguage":"fr-FR","@id":"https:\/\/centrereliance.fr\/association\/#\/schema\/logo\/image\/","url":"https:\/\/centrereliance.fr\/association\/wp-content\/uploads\/sites\/2\/2016\/10\/Logo-SARL-e1476290643249.jpg","contentUrl":"https:\/\/centrereliance.fr\/association\/wp-content\/uploads\/sites\/2\/2016\/10\/Logo-SARL-e1476290643249.jpg","width":101,"height":110,"caption":"Reliance ASSOCIATION"},"image":{"@id":"https:\/\/centrereliance.fr\/association\/#\/schema\/logo\/image\/"},"sameAs":["https:\/\/www.facebook.com\/Reliance-Association-318815031580269\/","https:\/\/www.linkedin.com\/company-beta\/16261855"]}]}},"_links":{"self":[{"href":"https:\/\/centrereliance.fr\/association\/wp-json\/wp\/v2\/pages\/272","targetHints":{"allow":["GET"]}}],"collection":[{"href":"https:\/\/centrereliance.fr\/association\/wp-json\/wp\/v2\/pages"}],"about":[{"href":"https:\/\/centrereliance.fr\/association\/wp-json\/wp\/v2\/types\/page"}],"author":[{"embeddable":true,"href":"https:\/\/centrereliance.fr\/association\/wp-json\/wp\/v2\/users\/1"}],"replies":[{"embeddable":true,"href":"https:\/\/centrereliance.fr\/association\/wp-json\/wp\/v2\/comments?post=272"}],"version-history":[{"count":122,"href":"https:\/\/centrereliance.fr\/association\/wp-json\/wp\/v2\/pages\/272\/revisions"}],"predecessor-version":[{"id":60842,"href":"https:\/\/centrereliance.fr\/association\/wp-json\/wp\/v2\/pages\/272\/revisions\/60842"}],"wp:attachment":[{"href":"https:\/\/centrereliance.fr\/association\/wp-json\/wp\/v2\/media?parent=272"}],"curies":[{"name":"wp","href":"https:\/\/api.w.org\/{rel}","templated":true}]}}