{"id":2988,"date":"2025-08-28T09:41:29","date_gmt":"2025-08-28T07:41:29","guid":{"rendered":"https:\/\/centrereliance.fr\/association\/?page_id=2988"},"modified":"2025-09-17T08:36:11","modified_gmt":"2025-09-17T06:36:11","slug":"depannage-relationnel","status":"publish","type":"page","link":"https:\/\/centrereliance.fr\/association\/depannage-relationnel\/","title":{"rendered":"D\u00e9pannage relationnel"},"content":{"rendered":"\n[et_pb_section fb_built=\u00a0\u00bb1&Prime; next_background_color=\u00a0\u00bb#a04000&Prime; _builder_version=\u00a0\u00bb4.22.1&Prime; custom_padding=\u00a0\u00bb||150px||false|false\u00a0\u00bb bottom_divider_style=\u00a0\u00bbmountains2&Prime; bottom_divider_flip=\u00a0\u00bbvertical|horizontal\u00a0\u00bb global_colors_info=\u00a0\u00bb{}\u00a0\u00bb theme_builder_area=\u00a0\u00bbpost_content\u00a0\u00bb][et_pb_row _builder_version=\u00a0\u00bb4.22.1&Prime; _module_preset=\u00a0\u00bbdefault\u00a0\u00bb width=\u00a0\u00bb90%\u00a0\u00bb global_colors_info=\u00a0\u00bb{}\u00a0\u00bb theme_builder_area=\u00a0\u00bbpost_content\u00a0\u00bb][et_pb_column type=\u00a0\u00bb4_4&Prime; _builder_version=\u00a0\u00bb4.22.1&Prime; _module_preset=\u00a0\u00bbdefault\u00a0\u00bb global_colors_info=\u00a0\u00bb{}\u00a0\u00bb theme_builder_area=\u00a0\u00bbpost_content\u00a0\u00bb][et_pb_image src=\u00a0\u00bbhttps:\/\/centrereliance.fr\/association\/wp-content\/uploads\/sites\/2\/2025\/08\/depannage-relationnel_.jpg\u00a0\u00bb title_text=\u00a0\u00bbd\u00e9pannage relationnel\u00a0\u00bb align=\u00a0\u00bbcenter\u00a0\u00bb _builder_version=\u00a0\u00bb4.27.4&Prime; _module_preset=\u00a0\u00bbdefault\u00a0\u00bb max_height=\u00a0\u00bb70vh\u00a0\u00bb hover_enabled=\u00a0\u00bb0&Prime; border_radii=\u00a0\u00bbon|25px|25px|25px|25px\u00a0\u00bb locked=\u00a0\u00bboff\u00a0\u00bb global_colors_info=\u00a0\u00bb{}\u00a0\u00bb theme_builder_area=\u00a0\u00bbpost_content\u00a0\u00bb sticky_enabled=\u00a0\u00bb0&Prime;][\/et_pb_image][et_pb_post_title meta=\u00a0\u00bboff\u00a0\u00bb _builder_version=\u00a0\u00bb4.22.1&Prime; _module_preset=\u00a0\u00bbdefault\u00a0\u00bb title_font=\u00a0\u00bb|||on|||||\u00a0\u00bb title_text_align=\u00a0\u00bbcenter\u00a0\u00bb title_text_color=\u00a0\u00bb#F08A2E\u00a0\u00bb locked=\u00a0\u00bboff\u00a0\u00bb global_colors_info=\u00a0\u00bb{}\u00a0\u00bb theme_builder_area=\u00a0\u00bbpost_content\u00a0\u00bb][\/et_pb_post_title][\/et_pb_column][\/et_pb_row][et_pb_row _builder_version=\u00a0\u00bb4.22.1&Prime; background_size=\u00a0\u00bbinitial\u00a0\u00bb background_position=\u00a0\u00bbtop_left\u00a0\u00bb background_repeat=\u00a0\u00bbrepeat\u00a0\u00bb width=\u00a0\u00bb90%\u00a0\u00bb custom_padding=\u00a0\u00bb10px|10px|10px|10px|true|true\u00a0\u00bb border_radii=\u00a0\u00bbon|15px|15px|15px|15px\u00a0\u00bb border_width_all=\u00a0\u00bb1px\u00a0\u00bb border_color_all=\u00a0\u00bb#F08A2E\u00a0\u00bb global_colors_info=\u00a0\u00bb{}\u00a0\u00bb theme_builder_area=\u00a0\u00bbpost_content\u00a0\u00bb][et_pb_column type=\u00a0\u00bb4_4&Prime; _builder_version=\u00a0\u00bb4.16&Prime; custom_padding=\u00a0\u00bb|||\u00a0\u00bb global_colors_info=\u00a0\u00bb{}\u00a0\u00bb custom_padding__hover=\u00a0\u00bb|||\u00a0\u00bb theme_builder_area=\u00a0\u00bbpost_content\u00a0\u00bb][et_pb_text module_class=\u00a0\u00bbtick-bullets\u00a0\u00bb _builder_version=\u00a0\u00bb4.23&Prime; background_size=\u00a0\u00bbinitial\u00a0\u00bb background_position=\u00a0\u00bbtop_left\u00a0\u00bb background_repeat=\u00a0\u00bbrepeat\u00a0\u00bb hover_enabled=\u00a0\u00bb0&Prime; global_colors_info=\u00a0\u00bb{}\u00a0\u00bb theme_builder_area=\u00a0\u00bbpost_content\u00a0\u00bb sticky_enabled=\u00a0\u00bb0&Prime;]<blockquote>\n<p style=\"text-align: justify;\"><\/p>\n<p style=\"text-align: justify;\">\u00ab Au c\u0153ur de toute difficult\u00e9, il existe une possibilit\u00e9 \u00bb<br \/>Albert EINSTEIN<\/p>\n<\/blockquote>\n<h2 style=\"text-align: justify;\">Qu\u2019est-ce que le d\u00e9pannage relationnel ?<\/h2>\n<p style=\"text-align: justify;\">Vous vous sentez \u00ab en panne \u00bb dans une situation relationnelle avec une personne de votre entourage personnel ou professionnel et vous souhaitez faire rapidement une halte, une pause pour :<\/p>\n<ul style=\"text-align: justify;\">\n<li>Rencontrer un\u00b7e professionnel-le de l\u2019\u00e9coute form\u00e9.e en M\u00e9thode ESPERE\u00ae lors d\u2019un entretien court de 30mn dans un cadre de non-jugement et de confidentialit\u00e9<\/li>\n<li>Prendre le temps de vous recentrer, d\u2019\u00eatre \u00e0 l\u2019\u00e9coute de vous-m\u00eame<\/li>\n<li>Clarifier la situation et envisager les premi\u00e8res pistes d\u2019\u00e9volution<\/li>\n<li>Identifier vos besoins, vos priorit\u00e9s<\/li>\n<li>Repartir ressourcer et avec des \u00e9l\u00e9ments concrets \u00e0 mettre en action<\/li>\n<\/ul>\n<p style=\"text-align: justify;\"><\/p>\n<h2 style=\"text-align: justify;\">Ce qui peut \u00eatre d\u00e9pann\u00e9 ?<\/h2>\n<p style=\"text-align: justify;\">Vous souhaitez clarifier une situation relationnelle, connaitre des pistes d\u2019\u00e9volution, int\u00e9grer des outils pour faire un pas en avant dans cette situation.<\/p>\n<p style=\"text-align: justify;\">Vous \u00e9prouvez des difficult\u00e9s \u00e0 vous positionner face \u00e0 des comportements qui ne vous conviennent pas ?<br \/>Vous souhaitez trouver des moyens concrets et des pistes pour adopter un positionnement juste, constructif et apporter rapidement une am\u00e9lioration.<\/p>\n<p style=\"text-align: justify;\">Vous vivez une situation relationnelle de conflit au travail ou dans la sph\u00e8re personnelle (relation amicale, de couple, familiale, de voisinage\u2026) ?<br \/>Vous souhaitez sortir de cette impasse relationnelle et permettre une issue constructive en utilisant des r\u00e8gles relationnelles facilitant la r\u00e9gulation d\u2019un conflit<\/p>\n<p style=\"text-align: justify;\">Vous avez un choix \u00e0 faire et vous tourner en rond sans prendre de d\u00e9cision<br \/>Vous souhaitez poser rapidement les diff\u00e9rents \u00e9l\u00e9ments pour y voir plus clair et b\u00e9n\u00e9ficier d\u2019une \u00e9coute inter active et bienveillante<br \/>Vous vous retrouvez souvent dans des situations relationnelles compliqu\u00e9es<br \/>Vous souhaitez connaitre les diff\u00e9rentes pistes de travail pour sortir de ces impasses<\/p>\n<p style=\"text-align: justify;\"><\/p>\n<p style=\"text-align: justify;\"><\/p>\n<h2 style=\"text-align: justify;\">Mettre en place le d\u00e9pannage relationnel ?<\/h2>\n<ul>\n<li style=\"text-align: justify;\">Vous appelez RELIANCE : 04 76 85 12 12<\/li>\n<li style=\"text-align: justify;\">Dans un d\u00e9lai de quelques jours, un entretien ponctuel de d\u00e9pannage vous sera propos\u00e9, avec un\u00b7e \u00e9coutant\u00b7e form\u00e9\u00b7e \u00e0 Reliance.<\/li>\n<li style=\"text-align: justify;\">Les entretiens de d\u00e9pannage ont lieu au Centre Reliance 14 avenue Victor Hugo Echirolles (parking privatif)<\/li>\n<li style=\"text-align: justify;\">Tarif : 15 \u20ac \u2013 Dur\u00e9e : 30 mn<\/li>\n<\/ul>[\/et_pb_text][\/et_pb_column][\/et_pb_row][\/et_pb_section]\n","protected":false},"excerpt":{"rendered":"<p>\u00ab Au c\u0153ur de toute difficult\u00e9, il existe une possibilit\u00e9 \u00bbAlbert EINSTEIN Qu\u2019est-ce que le d\u00e9pannage relationnel ? Vous vous sentez \u00ab en panne \u00bb dans une situation relationnelle avec une personne de votre entourage personnel ou professionnel et vous souhaitez faire rapidement une halte, une pause pour : Rencontrer un\u00b7e professionnel-le de l\u2019\u00e9coute form\u00e9.e [&hellip;]<\/p>\n","protected":false},"author":1,"featured_media":0,"parent":0,"menu_order":0,"comment_status":"closed","ping_status":"closed","template":"","meta":{"_et_pb_use_builder":"on","_et_pb_old_content":"<span style=\"color: #116fd4\">Vous vous sentez <strong>\u00ab en panne \u00bb<\/strong> dans une situation relationnelle avec une personne de votre entourage personnel ou professionnel ?<\/span>\n\n<span style=\"color: #116fd4\">Vous \u00e9prouvez des difficult\u00e9s \u00e0 <strong>vous positionner<\/strong> face \u00e0 des comportements qui ne vous conviennent pas ?<\/span>\n\n<span style=\"color: #116fd4\">Vous souhaitez trouver <strong>rapidement<\/strong> des outils et des pistes pour am\u00e9liorer la qualit\u00e9 de vos relations ?<\/span>\n\n<span style=\"color: #116fd4\">Nous vous proposons, dans un d\u00e9lai de quelques jours, un<strong> entretien ponctuel de d\u00e9pannage<\/strong> avec un\u00b7e \u00e9coutant\u00b7e form\u00e9\u00b7e \u00e0 Reliance.<\/span>\n\n<span style=\"color: #ff6600\">Tarif : 15 \u20ac - Dur\u00e9e : 30 mn\u00a0<\/span>\n\n<span style=\"color: #116fd4\">Prendre rendez-vous : 04 76 85 12 12<\/span>","_et_gb_content_width":"","footnotes":""},"class_list":["post-2988","page","type-page","status-publish","hentry"],"yoast_head":"<!-- This site is optimized with the Yoast SEO plugin v25.8 - https:\/\/yoast.com\/wordpress\/plugins\/seo\/ -->\n<title>D\u00e9pannage relationnel - Am\u00e9liorer ses relations et cheminer vers le meilleur de soi<\/title>\n<meta name=\"description\" content=\"Vous rencontrez une difficult\u00e9 relationnelle ? Reliance Association propose dans un d\u00e9lai raisonnable un d\u00e9pannage relationnel.\" \/>\n<meta name=\"robots\" content=\"index, follow, max-snippet:-1, max-image-preview:large, max-video-preview:-1\" \/>\n<link rel=\"canonical\" href=\"https:\/\/centrereliance.fr\/association\/depannage-relationnel\/\" \/>\n<meta property=\"og:locale\" content=\"fr_FR\" \/>\n<meta property=\"og:type\" content=\"article\" \/>\n<meta property=\"og:title\" content=\"D\u00e9pannage relationnel - Am\u00e9liorer ses relations et cheminer vers le meilleur de soi\" \/>\n<meta property=\"og:description\" content=\"Vous rencontrez une difficult\u00e9 relationnelle ? Reliance Association propose dans un d\u00e9lai raisonnable un d\u00e9pannage relationnel.\" \/>\n<meta property=\"og:url\" content=\"https:\/\/centrereliance.fr\/association\/depannage-relationnel\/\" \/>\n<meta property=\"og:site_name\" content=\"Am\u00e9liorer ses relations et cheminer vers le meilleur de soi\" \/>\n<meta property=\"article:publisher\" content=\"https:\/\/www.facebook.com\/Reliance-Association-318815031580269\/\" \/>\n<meta property=\"article:modified_time\" content=\"2025-09-17T06:36:11+00:00\" \/>\n<meta name=\"twitter:card\" content=\"summary_large_image\" \/>\n<meta name=\"twitter:label1\" content=\"Dur\u00e9e de lecture estim\u00e9e\" \/>\n\t<meta name=\"twitter:data1\" content=\"2 minutes\" \/>\n<script type=\"application\/ld+json\" class=\"yoast-schema-graph\">{\"@context\":\"https:\/\/schema.org\",\"@graph\":[{\"@type\":\"WebPage\",\"@id\":\"https:\/\/centrereliance.fr\/association\/depannage-relationnel\/\",\"url\":\"https:\/\/centrereliance.fr\/association\/depannage-relationnel\/\",\"name\":\"D\u00e9pannage relationnel - Am\u00e9liorer ses relations et cheminer vers le meilleur de soi\",\"isPartOf\":{\"@id\":\"https:\/\/centrereliance.fr\/association\/#website\"},\"datePublished\":\"2025-08-28T07:41:29+00:00\",\"dateModified\":\"2025-09-17T06:36:11+00:00\",\"description\":\"Vous rencontrez une difficult\u00e9 relationnelle ? Reliance Association propose dans un d\u00e9lai raisonnable un d\u00e9pannage relationnel.\",\"breadcrumb\":{\"@id\":\"https:\/\/centrereliance.fr\/association\/depannage-relationnel\/#breadcrumb\"},\"inLanguage\":\"fr-FR\",\"potentialAction\":[{\"@type\":\"ReadAction\",\"target\":[\"https:\/\/centrereliance.fr\/association\/depannage-relationnel\/\"]}]},{\"@type\":\"BreadcrumbList\",\"@id\":\"https:\/\/centrereliance.fr\/association\/depannage-relationnel\/#breadcrumb\",\"itemListElement\":[{\"@type\":\"ListItem\",\"position\":1,\"name\":\"Accueil\",\"item\":\"https:\/\/centrereliance.fr\/association\/\"},{\"@type\":\"ListItem\",\"position\":2,\"name\":\"D\u00e9pannage relationnel\"}]},{\"@type\":\"WebSite\",\"@id\":\"https:\/\/centrereliance.fr\/association\/#website\",\"url\":\"https:\/\/centrereliance.fr\/association\/\",\"name\":\"Am\u00e9liorer ses relations et cheminer vers le meilleur de soi\",\"description\":\"Nos actions \u00e0 destination des particuliers\",\"publisher\":{\"@id\":\"https:\/\/centrereliance.fr\/association\/#organization\"},\"potentialAction\":[{\"@type\":\"SearchAction\",\"target\":{\"@type\":\"EntryPoint\",\"urlTemplate\":\"https:\/\/centrereliance.fr\/association\/?s={search_term_string}\"},\"query-input\":{\"@type\":\"PropertyValueSpecification\",\"valueRequired\":true,\"valueName\":\"search_term_string\"}}],\"inLanguage\":\"fr-FR\"},{\"@type\":\"Organization\",\"@id\":\"https:\/\/centrereliance.fr\/association\/#organization\",\"name\":\"Reliance ASSOCIATION\",\"url\":\"https:\/\/centrereliance.fr\/association\/\",\"logo\":{\"@type\":\"ImageObject\",\"inLanguage\":\"fr-FR\",\"@id\":\"https:\/\/centrereliance.fr\/association\/#\/schema\/logo\/image\/\",\"url\":\"https:\/\/centrereliance.fr\/association\/wp-content\/uploads\/sites\/2\/2016\/10\/Logo-SARL-e1476290643249.jpg\",\"contentUrl\":\"https:\/\/centrereliance.fr\/association\/wp-content\/uploads\/sites\/2\/2016\/10\/Logo-SARL-e1476290643249.jpg\",\"width\":101,\"height\":110,\"caption\":\"Reliance ASSOCIATION\"},\"image\":{\"@id\":\"https:\/\/centrereliance.fr\/association\/#\/schema\/logo\/image\/\"},\"sameAs\":[\"https:\/\/www.facebook.com\/Reliance-Association-318815031580269\/\",\"https:\/\/www.linkedin.com\/company-beta\/16261855\"]}]}<\/script>\n<!-- \/ Yoast SEO plugin. -->","yoast_head_json":{"title":"D\u00e9pannage relationnel - Am\u00e9liorer ses relations et cheminer vers le meilleur de soi","description":"Vous rencontrez une difficult\u00e9 relationnelle ? Reliance Association propose dans un d\u00e9lai raisonnable un d\u00e9pannage relationnel.","robots":{"index":"index","follow":"follow","max-snippet":"max-snippet:-1","max-image-preview":"max-image-preview:large","max-video-preview":"max-video-preview:-1"},"canonical":"https:\/\/centrereliance.fr\/association\/depannage-relationnel\/","og_locale":"fr_FR","og_type":"article","og_title":"D\u00e9pannage relationnel - Am\u00e9liorer ses relations et cheminer vers le meilleur de soi","og_description":"Vous rencontrez une difficult\u00e9 relationnelle ? Reliance Association propose dans un d\u00e9lai raisonnable un d\u00e9pannage relationnel.","og_url":"https:\/\/centrereliance.fr\/association\/depannage-relationnel\/","og_site_name":"Am\u00e9liorer ses relations et cheminer vers le meilleur de soi","article_publisher":"https:\/\/www.facebook.com\/Reliance-Association-318815031580269\/","article_modified_time":"2025-09-17T06:36:11+00:00","twitter_card":"summary_large_image","twitter_misc":{"Dur\u00e9e de lecture estim\u00e9e":"2 minutes"},"schema":{"@context":"https:\/\/schema.org","@graph":[{"@type":"WebPage","@id":"https:\/\/centrereliance.fr\/association\/depannage-relationnel\/","url":"https:\/\/centrereliance.fr\/association\/depannage-relationnel\/","name":"D\u00e9pannage relationnel - Am\u00e9liorer ses relations et cheminer vers le meilleur de soi","isPartOf":{"@id":"https:\/\/centrereliance.fr\/association\/#website"},"datePublished":"2025-08-28T07:41:29+00:00","dateModified":"2025-09-17T06:36:11+00:00","description":"Vous rencontrez une difficult\u00e9 relationnelle ? Reliance Association propose dans un d\u00e9lai raisonnable un d\u00e9pannage relationnel.","breadcrumb":{"@id":"https:\/\/centrereliance.fr\/association\/depannage-relationnel\/#breadcrumb"},"inLanguage":"fr-FR","potentialAction":[{"@type":"ReadAction","target":["https:\/\/centrereliance.fr\/association\/depannage-relationnel\/"]}]},{"@type":"BreadcrumbList","@id":"https:\/\/centrereliance.fr\/association\/depannage-relationnel\/#breadcrumb","itemListElement":[{"@type":"ListItem","position":1,"name":"Accueil","item":"https:\/\/centrereliance.fr\/association\/"},{"@type":"ListItem","position":2,"name":"D\u00e9pannage relationnel"}]},{"@type":"WebSite","@id":"https:\/\/centrereliance.fr\/association\/#website","url":"https:\/\/centrereliance.fr\/association\/","name":"Am\u00e9liorer ses relations et cheminer vers le meilleur de soi","description":"Nos actions \u00e0 destination des particuliers","publisher":{"@id":"https:\/\/centrereliance.fr\/association\/#organization"},"potentialAction":[{"@type":"SearchAction","target":{"@type":"EntryPoint","urlTemplate":"https:\/\/centrereliance.fr\/association\/?s={search_term_string}"},"query-input":{"@type":"PropertyValueSpecification","valueRequired":true,"valueName":"search_term_string"}}],"inLanguage":"fr-FR"},{"@type":"Organization","@id":"https:\/\/centrereliance.fr\/association\/#organization","name":"Reliance ASSOCIATION","url":"https:\/\/centrereliance.fr\/association\/","logo":{"@type":"ImageObject","inLanguage":"fr-FR","@id":"https:\/\/centrereliance.fr\/association\/#\/schema\/logo\/image\/","url":"https:\/\/centrereliance.fr\/association\/wp-content\/uploads\/sites\/2\/2016\/10\/Logo-SARL-e1476290643249.jpg","contentUrl":"https:\/\/centrereliance.fr\/association\/wp-content\/uploads\/sites\/2\/2016\/10\/Logo-SARL-e1476290643249.jpg","width":101,"height":110,"caption":"Reliance ASSOCIATION"},"image":{"@id":"https:\/\/centrereliance.fr\/association\/#\/schema\/logo\/image\/"},"sameAs":["https:\/\/www.facebook.com\/Reliance-Association-318815031580269\/","https:\/\/www.linkedin.com\/company-beta\/16261855"]}]}},"_links":{"self":[{"href":"https:\/\/centrereliance.fr\/association\/wp-json\/wp\/v2\/pages\/2988","targetHints":{"allow":["GET"]}}],"collection":[{"href":"https:\/\/centrereliance.fr\/association\/wp-json\/wp\/v2\/pages"}],"about":[{"href":"https:\/\/centrereliance.fr\/association\/wp-json\/wp\/v2\/types\/page"}],"author":[{"embeddable":true,"href":"https:\/\/centrereliance.fr\/association\/wp-json\/wp\/v2\/users\/1"}],"replies":[{"embeddable":true,"href":"https:\/\/centrereliance.fr\/association\/wp-json\/wp\/v2\/comments?post=2988"}],"version-history":[{"count":11,"href":"https:\/\/centrereliance.fr\/association\/wp-json\/wp\/v2\/pages\/2988\/revisions"}],"predecessor-version":[{"id":5755,"href":"https:\/\/centrereliance.fr\/association\/wp-json\/wp\/v2\/pages\/2988\/revisions\/5755"}],"wp:attachment":[{"href":"https:\/\/centrereliance.fr\/association\/wp-json\/wp\/v2\/media?parent=2988"}],"curies":[{"name":"wp","href":"https:\/\/api.w.org\/{rel}","templated":true}]}}