{"id":5806,"date":"2025-08-29T14:13:30","date_gmt":"2025-08-29T12:13:30","guid":{"rendered":"https:\/\/centrereliance.fr\/association\/?page_id=5806"},"modified":"2025-12-15T13:56:29","modified_gmt":"2025-12-15T12:56:29","slug":"la-relation-amoureuse","status":"publish","type":"page","link":"https:\/\/centrereliance.fr\/association\/la-relation-amoureuse\/","title":{"rendered":"La relation amoureuse"},"content":{"rendered":"<p>[et_pb_section fb_built=\u00a0\u00bb1&Prime; next_background_color=\u00a0\u00bb#a04000&Prime; admin_label=\u00a0\u00bbsection\u00a0\u00bb _builder_version=\u00a0\u00bb4.22.1&Prime; custom_padding=\u00a0\u00bb||150px||false|false\u00a0\u00bb bottom_divider_style=\u00a0\u00bbasymmetric2&Prime; bottom_divider_flip=\u00a0\u00bbhorizontal|vertical\u00a0\u00bb locked=\u00a0\u00bboff\u00a0\u00bb global_colors_info=\u00a0\u00bb{}\u00a0\u00bb][et_pb_row admin_label=\u00a0\u00bbrow\u00a0\u00bb _builder_version=\u00a0\u00bb4.22.1&Prime; background_size=\u00a0\u00bbinitial\u00a0\u00bb background_position=\u00a0\u00bbtop_left\u00a0\u00bb background_repeat=\u00a0\u00bbrepeat\u00a0\u00bb width=\u00a0\u00bb90%\u00a0\u00bb global_colors_info=\u00a0\u00bb{}\u00a0\u00bb][et_pb_column type=\u00a0\u00bb4_4&Prime; _builder_version=\u00a0\u00bb4.16&Prime; custom_padding=\u00a0\u00bb|||\u00a0\u00bb global_colors_info=\u00a0\u00bb{}\u00a0\u00bb custom_padding__hover=\u00a0\u00bb|||\u00a0\u00bb][et_pb_image src=\u00a0\u00bbhttps:\/\/centrereliance.fr\/association\/wp-content\/uploads\/sites\/2\/2025\/08\/relation-de-couple_.jpeg\u00a0\u00bb alt=\u00a0\u00bbLa relation amoureuse : mieux vivre son couple\u00a0\u00bb title_text=\u00a0\u00bbRelation amoureuse : mieux vivre son couple\u00a0\u00bb align=\u00a0\u00bbcenter\u00a0\u00bb _builder_version=\u00a0\u00bb4.27.4&Prime; _module_preset=\u00a0\u00bbdefault\u00a0\u00bb max_height=\u00a0\u00bb70vh\u00a0\u00bb border_radii=\u00a0\u00bbon|25px|25px|25px|25px\u00a0\u00bb locked=\u00a0\u00bboff\u00a0\u00bb global_colors_info=\u00a0\u00bb{}\u00a0\u00bb][\/et_pb_image][et_pb_post_title meta=\u00a0\u00bboff\u00a0\u00bb _builder_version=\u00a0\u00bb4.22.1&Prime; _module_preset=\u00a0\u00bbdefault\u00a0\u00bb title_font=\u00a0\u00bb|||on|||||\u00a0\u00bb title_text_align=\u00a0\u00bbcenter\u00a0\u00bb title_text_color=\u00a0\u00bb#F08A2E\u00a0\u00bb locked=\u00a0\u00bboff\u00a0\u00bb global_colors_info=\u00a0\u00bb{}\u00a0\u00bb][\/et_pb_post_title][\/et_pb_column][\/et_pb_row][et_pb_row admin_label=\u00a0\u00bbrow\u00a0\u00bb _builder_version=\u00a0\u00bb4.25.1&Prime; background_size=\u00a0\u00bbinitial\u00a0\u00bb background_position=\u00a0\u00bbtop_left\u00a0\u00bb background_repeat=\u00a0\u00bbrepeat\u00a0\u00bb width=\u00a0\u00bb90%\u00a0\u00bb custom_margin=\u00a0\u00bb||50px||false|false\u00a0\u00bb custom_padding=\u00a0\u00bb10px|10px|10px|10px|true|true\u00a0\u00bb border_radii=\u00a0\u00bbon|15px|15px|15px|15px\u00a0\u00bb border_width_all=\u00a0\u00bb1px\u00a0\u00bb border_color_all=\u00a0\u00bb#F08A2E\u00a0\u00bb locked=\u00a0\u00bboff\u00a0\u00bb global_colors_info=\u00a0\u00bb{}\u00a0\u00bb][et_pb_column type=\u00a0\u00bb4_4&Prime; _builder_version=\u00a0\u00bb4.16&Prime; custom_padding=\u00a0\u00bb|||\u00a0\u00bb global_colors_info=\u00a0\u00bb{}\u00a0\u00bb custom_padding__hover=\u00a0\u00bb|||\u00a0\u00bb][et_pb_icon font_icon=\u00a0\u00bb&#xe064;||divi||400&Prime; icon_width=\u00a0\u00bb66px\u00a0\u00bb _builder_version=\u00a0\u00bb4.25.1&Prime; _module_preset=\u00a0\u00bbdefault\u00a0\u00bb custom_margin=\u00a0\u00bb30px||||false|false\u00a0\u00bb locked=\u00a0\u00bboff\u00a0\u00bb global_colors_info=\u00a0\u00bb{}\u00a0\u00bb][\/et_pb_icon][et_pb_text admin_label=\u00a0\u00bbText\u00a0\u00bb module_class=\u00a0\u00bbtick-bullets\u00a0\u00bb _builder_version=\u00a0\u00bb4.23&Prime; background_size=\u00a0\u00bbinitial\u00a0\u00bb background_position=\u00a0\u00bbtop_left\u00a0\u00bb background_repeat=\u00a0\u00bbrepeat\u00a0\u00bb custom_padding=\u00a0\u00bb||||true|true\u00a0\u00bb border_color_all=\u00a0\u00bb#F08A2E\u00a0\u00bb global_colors_info=\u00a0\u00bb{}\u00a0\u00bb]<\/p>\n<p style=\"text-align: justify\">Nourrir sa <strong>relation amoureuse<\/strong> pour mieux vivre son couple.<\/p>\n<p style=\"text-align: justify\">\n<h2 style=\"text-align: justify\"><strong>La rencontre, le point de d\u00e9part de la relation amoureuse<\/strong><\/h2>\n<blockquote>\n<p style=\"text-align: center\">\u00a0\u00ab\u00a0La rencontre a un avant prometteur et un apr\u00e8s enchanteur\u00a0\u00bb<\/p>\n<p style=\"text-align: center\">Jacques Salom\u00e9, <em>Jamais seuls ensemble<\/em>\u00a0<\/p>\n<\/blockquote>\n<p style=\"text-align: justify\">\n<p style=\"text-align: justify\">L\u2019aventure du couple d\u00e9bute par une rencontre. Une attirance physique, un sentiment amoureux, le d\u00e9sir d\u2019\u00eatre en pr\u00e9sence de l\u2019autre, le partage d\u2019affinit\u00e9s et de valeurs. Et, souvent&#8230; l\u2019influence de projections et\/ou de choix inconscients li\u00e9s \u00e0 notre histoire.\u00a0<\/p>\n<p style=\"text-align: justify\">Puis cette rencontre pourra se transformer en couple, dans la mesure o\u00f9 chacun\u00b7e\u00a0:<\/p>\n<ul style=\"text-align: justify\">\n<li>Est d\u00e9li\u00e9\u00b7e pour pouvoir s\u2019allier\u00a0;<\/li>\n<li>Dispose d\u2019une autonome affective et mat\u00e9rielle suffisante afin de pouvoir s\u2019engager\u00a0;<\/li>\n<li>S\u2019av\u00e8re capable de proposer un projet de vie en commun inscrit dans un avenir \u00e0 construire \u00e0 deux.<\/li>\n<\/ul>\n<p style=\"text-align: justify\"><strong><\/strong><\/p>\n<h2 style=\"text-align: justify\"><strong>Comment vivre heureux ensemble\u00a0?<\/strong><\/h2>\n<p style=\"text-align: justify\">\u00a0Cette forme de \u00ab\u00a0contrat social\u00a0\u00bb a beaucoup chang\u00e9. Autrefois pacte essentiellement culturel, religieux et \u00e9conomique, elle a \u00e9volu\u00e9 vers le\u00a0\u00a0 projet de vivre heureux ensemble.\u00a0<\/p>\n<p style=\"text-align: justify\">Aujourd\u2019hui, les exigences relationnelles sont au premier plan des attentes de l\u2019un et de l\u2019autre.\u00a0 Mais aussi la cohabitation harmonieuse d\u2019une double intimit\u00e9, la premi\u00e8re commune et partag\u00e9e avec l\u2019autre, la seconde personnelle et r\u00e9serv\u00e9e avec soi-m\u00eame. Pour pouvoir proposer \u00e0 l\u2019autre de partager et de grandir ensemble, mieux vaut d\u2019abord \u00eatre un bon compagnon pour soi-m\u00eame.\u00a0<\/p>\n<p style=\"text-align: justify\">La M\u00e9thode ESPERE\u00ae nous invite \u00e0 diff\u00e9rencier les sentiments et la relation\u00a0; si nous avons bien peu de prise sur l\u2019\u00e9mergence et la persistance d\u2019un sentiment (\u00ab\u00a0nul ne conna\u00eet \u00e0 l\u2019avance la dur\u00e9e d\u2019un amour\u00a0\u00bb, J. Salom\u00e9), en revanche il nous est possible d\u2019apprendre \u00e0 am\u00e9liorer, nourrir et cultiver notre relation. Communiquer, c\u2019est bien mettre en commun.<\/p>\n<p style=\"text-align: justify\">D\u2019ailleurs, serait-il m\u00eame possible d\u2019envisager le couple comme une d\u00e9marche de transformation, voire d\u2019\u00e9volution spirituelle ?<\/p>\n<p style=\"text-align: justify\">\n<p>[\/et_pb_text][\/et_pb_column][\/et_pb_row][et_pb_row admin_label=\u00a0\u00bbrow\u00a0\u00bb _builder_version=\u00a0\u00bb4.25.1&Prime; background_size=\u00a0\u00bbinitial\u00a0\u00bb background_position=\u00a0\u00bbtop_left\u00a0\u00bb background_repeat=\u00a0\u00bbrepeat\u00a0\u00bb width=\u00a0\u00bb90%\u00a0\u00bb custom_margin=\u00a0\u00bb||50px||false|false\u00a0\u00bb custom_padding=\u00a0\u00bb10px|10px|10px|10px|true|true\u00a0\u00bb border_radii=\u00a0\u00bbon|15px|15px|15px|15px\u00a0\u00bb border_width_all=\u00a0\u00bb1px\u00a0\u00bb border_color_all=\u00a0\u00bb#F08A2E\u00a0\u00bb locked=\u00a0\u00bboff\u00a0\u00bb global_colors_info=\u00a0\u00bb{}\u00a0\u00bb][et_pb_column type=\u00a0\u00bb4_4&Prime; _builder_version=\u00a0\u00bb4.16&Prime; custom_padding=\u00a0\u00bb|||\u00a0\u00bb global_colors_info=\u00a0\u00bb{}\u00a0\u00bb custom_padding__hover=\u00a0\u00bb|||\u00a0\u00bb][et_pb_icon font_icon=\u00a0\u00bb&#xe08b;||divi||400&Prime; icon_width=\u00a0\u00bb66px\u00a0\u00bb _builder_version=\u00a0\u00bb4.25.1&Prime; _module_preset=\u00a0\u00bbdefault\u00a0\u00bb custom_margin=\u00a0\u00bb30px||||false|false\u00a0\u00bb locked=\u00a0\u00bboff\u00a0\u00bb global_colors_info=\u00a0\u00bb{}\u00a0\u00bb][\/et_pb_icon][et_pb_text admin_label=\u00a0\u00bbText\u00a0\u00bb module_class=\u00a0\u00bbtick-bullets\u00a0\u00bb _builder_version=\u00a0\u00bb4.27.4&Prime; background_size=\u00a0\u00bbinitial\u00a0\u00bb background_position=\u00a0\u00bbtop_left\u00a0\u00bb background_repeat=\u00a0\u00bbrepeat\u00a0\u00bb custom_padding=\u00a0\u00bb||||true|true\u00a0\u00bb border_color_all=\u00a0\u00bb#F08A2E\u00a0\u00bb locked=\u00a0\u00bboff\u00a0\u00bb global_colors_info=\u00a0\u00bb{}\u00a0\u00bb]<\/p>\n<h2>Les accompagnements propos\u00e9s par reliance association sur le th\u00e8me de la relation DE couple<\/h2>\n<p>Selon les besoins des personnes ce th\u00e8me peut \u00eatre abord\u00e9 pour une premi\u00e8re approche en <a href=\"https:\/\/centrereliance.fr\/association\/conference-sur-le-bien-etre\/\">conf\u00e9rence<\/a>. On peut aussi l\u2019approfondir au cours d\u2019un <a href=\"https:\/\/centrereliance.fr\/association\/ateliers-communication\/\">atelier<\/a>, lors d\u2019un <a href=\"https:\/\/centrereliance.fr\/association\/stage-relations-interpersonnelles\/\">stage<\/a> ou encore en <a href=\"https:\/\/centrereliance.fr\/association\/stage-relations-interpersonnelles\/\">accompagnement individuel<\/a> avec un praticien en M\u00e9thode ESPERE\u00ae.<\/p>\n<p>[\/et_pb_text][\/et_pb_column][\/et_pb_row][et_pb_row admin_label=\u00a0\u00bbrow\u00a0\u00bb _builder_version=\u00a0\u00bb4.22.1&Prime; background_size=\u00a0\u00bbinitial\u00a0\u00bb background_position=\u00a0\u00bbtop_left\u00a0\u00bb background_repeat=\u00a0\u00bbrepeat\u00a0\u00bb width=\u00a0\u00bb90%\u00a0\u00bb custom_padding=\u00a0\u00bb10px|10px|10px|10px|true|true\u00a0\u00bb border_radii=\u00a0\u00bbon|15px|15px|15px|15px\u00a0\u00bb border_width_all=\u00a0\u00bb1px\u00a0\u00bb border_color_all=\u00a0\u00bb#F08A2E\u00a0\u00bb locked=\u00a0\u00bboff\u00a0\u00bb global_colors_info=\u00a0\u00bb{}\u00a0\u00bb][et_pb_column type=\u00a0\u00bb4_4&Prime; _builder_version=\u00a0\u00bb4.16&Prime; custom_padding=\u00a0\u00bb|||\u00a0\u00bb global_colors_info=\u00a0\u00bb{}\u00a0\u00bb custom_padding__hover=\u00a0\u00bb|||\u00a0\u00bb][et_pb_icon font_icon=\u00a0\u00bb&#xf073;||fa||900&Prime; icon_width=\u00a0\u00bb66px\u00a0\u00bb _builder_version=\u00a0\u00bb4.27.4&Prime; _module_preset=\u00a0\u00bbdefault\u00a0\u00bb custom_margin=\u00a0\u00bb30px||||false|false\u00a0\u00bb hover_enabled=\u00a0\u00bb0&Prime; locked=\u00a0\u00bboff\u00a0\u00bb global_colors_info=\u00a0\u00bb{}\u00a0\u00bb module_id=\u00a0\u00bbactions-programmees\u00a0\u00bb sticky_enabled=\u00a0\u00bb0&Prime;][\/et_pb_icon][et_pb_text admin_label=\u00a0\u00bbText\u00a0\u00bb module_class=\u00a0\u00bbtick-bullets\u00a0\u00bb _builder_version=\u00a0\u00bb4.25.1&Prime; background_size=\u00a0\u00bbinitial\u00a0\u00bb background_position=\u00a0\u00bbtop_left\u00a0\u00bb background_repeat=\u00a0\u00bbrepeat\u00a0\u00bb text_orientation=\u00a0\u00bbcenter\u00a0\u00bb custom_padding=\u00a0\u00bb||||true|true\u00a0\u00bb border_color_all=\u00a0\u00bb#F08A2E\u00a0\u00bb locked=\u00a0\u00bboff\u00a0\u00bb global_colors_info=\u00a0\u00bb{}\u00a0\u00bb]<\/p>\n<h2>Quand a lieu la prochaine activit\u00e9 sur le th\u00e8me de la relation amoureuse ?<\/h2>\n<p>[\/et_pb_text][et_pb_shop type=\u00a0\u00bbproduct_category\u00a0\u00bb include_categories=\u00a0\u00bb158&Prime; columns_number=\u00a0\u00bb1&Prime; orderby=\u00a0\u00bbmenu_order\u00a0\u00bb _builder_version=\u00a0\u00bb4.27.4&Prime; _module_preset=\u00a0\u00bbdefault\u00a0\u00bb global_colors_info=\u00a0\u00bb{}\u00a0\u00bb][\/et_pb_shop][\/et_pb_column][\/et_pb_row][\/et_pb_section]<\/p>\n","protected":false},"excerpt":{"rendered":"<p>Nourrir sa relation amoureuse pour mieux vivre son couple. La rencontre, le point de d\u00e9part de la relation amoureuse \u00a0\u00ab\u00a0La rencontre a un avant prometteur et un apr\u00e8s enchanteur\u00a0\u00bb Jacques Salom\u00e9, Jamais seuls ensemble\u00a0 L\u2019aventure du couple d\u00e9bute par une rencontre. Une attirance physique, un sentiment amoureux, le d\u00e9sir d\u2019\u00eatre en pr\u00e9sence de l\u2019autre, le [&hellip;]<\/p>\n","protected":false},"author":28,"featured_media":0,"parent":0,"menu_order":0,"comment_status":"closed","ping_status":"closed","template":"","meta":{"_et_pb_use_builder":"on","_et_pb_old_content":"<!-- wp:divi\/placeholder \/-->","_et_gb_content_width":"","footnotes":""},"class_list":["post-5806","page","type-page","status-publish","hentry"],"yoast_head":"<!-- This site is optimized with the Yoast SEO plugin v25.8 - https:\/\/yoast.com\/wordpress\/plugins\/seo\/ -->\n<title>La relation amoureuse - Am\u00e9liorer ses relations et cheminer vers le meilleur de soi<\/title>\n<meta name=\"description\" content=\"Comment vivre heureux ensemble ? Reliance propose plusieurs approches pour r\u00e9pondre \u00e0 cette question et nourrir sa relation amoureuse.\" \/>\n<meta name=\"robots\" content=\"index, follow, max-snippet:-1, max-image-preview:large, max-video-preview:-1\" \/>\n<link rel=\"canonical\" href=\"https:\/\/centrereliance.fr\/association\/la-relation-amoureuse\/\" \/>\n<meta property=\"og:locale\" content=\"fr_FR\" \/>\n<meta property=\"og:type\" content=\"article\" \/>\n<meta property=\"og:title\" content=\"La relation amoureuse - Am\u00e9liorer ses relations et cheminer vers le meilleur de soi\" \/>\n<meta property=\"og:description\" content=\"Comment vivre heureux ensemble ? Reliance propose plusieurs approches pour r\u00e9pondre \u00e0 cette question et nourrir sa relation amoureuse.\" \/>\n<meta property=\"og:url\" content=\"https:\/\/centrereliance.fr\/association\/la-relation-amoureuse\/\" \/>\n<meta property=\"og:site_name\" content=\"Am\u00e9liorer ses relations et cheminer vers le meilleur de soi\" \/>\n<meta property=\"article:publisher\" content=\"https:\/\/www.facebook.com\/Reliance-Association-318815031580269\/\" \/>\n<meta property=\"article:modified_time\" content=\"2025-12-15T12:56:29+00:00\" \/>\n<meta name=\"twitter:card\" content=\"summary_large_image\" \/>\n<script type=\"application\/ld+json\" class=\"yoast-schema-graph\">{\"@context\":\"https:\/\/schema.org\",\"@graph\":[{\"@type\":\"WebPage\",\"@id\":\"https:\/\/centrereliance.fr\/association\/la-relation-amoureuse\/\",\"url\":\"https:\/\/centrereliance.fr\/association\/la-relation-amoureuse\/\",\"name\":\"La relation amoureuse - Am\u00e9liorer ses relations et cheminer vers le meilleur de soi\",\"isPartOf\":{\"@id\":\"https:\/\/centrereliance.fr\/association\/#website\"},\"datePublished\":\"2025-08-29T12:13:30+00:00\",\"dateModified\":\"2025-12-15T12:56:29+00:00\",\"description\":\"Comment vivre heureux ensemble ? Reliance propose plusieurs approches pour r\u00e9pondre \u00e0 cette question et nourrir sa relation amoureuse.\",\"breadcrumb\":{\"@id\":\"https:\/\/centrereliance.fr\/association\/la-relation-amoureuse\/#breadcrumb\"},\"inLanguage\":\"fr-FR\",\"potentialAction\":[{\"@type\":\"ReadAction\",\"target\":[\"https:\/\/centrereliance.fr\/association\/la-relation-amoureuse\/\"]}]},{\"@type\":\"BreadcrumbList\",\"@id\":\"https:\/\/centrereliance.fr\/association\/la-relation-amoureuse\/#breadcrumb\",\"itemListElement\":[{\"@type\":\"ListItem\",\"position\":1,\"name\":\"Accueil\",\"item\":\"https:\/\/centrereliance.fr\/association\/\"},{\"@type\":\"ListItem\",\"position\":2,\"name\":\"La relation amoureuse\"}]},{\"@type\":\"WebSite\",\"@id\":\"https:\/\/centrereliance.fr\/association\/#website\",\"url\":\"https:\/\/centrereliance.fr\/association\/\",\"name\":\"Am\u00e9liorer ses relations et cheminer vers le meilleur de soi\",\"description\":\"Nos actions \u00e0 destination des particuliers\",\"publisher\":{\"@id\":\"https:\/\/centrereliance.fr\/association\/#organization\"},\"potentialAction\":[{\"@type\":\"SearchAction\",\"target\":{\"@type\":\"EntryPoint\",\"urlTemplate\":\"https:\/\/centrereliance.fr\/association\/?s={search_term_string}\"},\"query-input\":{\"@type\":\"PropertyValueSpecification\",\"valueRequired\":true,\"valueName\":\"search_term_string\"}}],\"inLanguage\":\"fr-FR\"},{\"@type\":\"Organization\",\"@id\":\"https:\/\/centrereliance.fr\/association\/#organization\",\"name\":\"Reliance ASSOCIATION\",\"url\":\"https:\/\/centrereliance.fr\/association\/\",\"logo\":{\"@type\":\"ImageObject\",\"inLanguage\":\"fr-FR\",\"@id\":\"https:\/\/centrereliance.fr\/association\/#\/schema\/logo\/image\/\",\"url\":\"https:\/\/centrereliance.fr\/association\/wp-content\/uploads\/sites\/2\/2016\/10\/Logo-SARL-e1476290643249.jpg\",\"contentUrl\":\"https:\/\/centrereliance.fr\/association\/wp-content\/uploads\/sites\/2\/2016\/10\/Logo-SARL-e1476290643249.jpg\",\"width\":101,\"height\":110,\"caption\":\"Reliance ASSOCIATION\"},\"image\":{\"@id\":\"https:\/\/centrereliance.fr\/association\/#\/schema\/logo\/image\/\"},\"sameAs\":[\"https:\/\/www.facebook.com\/Reliance-Association-318815031580269\/\",\"https:\/\/www.linkedin.com\/company-beta\/16261855\"]}]}<\/script>\n<!-- \/ Yoast SEO plugin. -->","yoast_head_json":{"title":"La relation amoureuse - Am\u00e9liorer ses relations et cheminer vers le meilleur de soi","description":"Comment vivre heureux ensemble ? Reliance propose plusieurs approches pour r\u00e9pondre \u00e0 cette question et nourrir sa relation amoureuse.","robots":{"index":"index","follow":"follow","max-snippet":"max-snippet:-1","max-image-preview":"max-image-preview:large","max-video-preview":"max-video-preview:-1"},"canonical":"https:\/\/centrereliance.fr\/association\/la-relation-amoureuse\/","og_locale":"fr_FR","og_type":"article","og_title":"La relation amoureuse - Am\u00e9liorer ses relations et cheminer vers le meilleur de soi","og_description":"Comment vivre heureux ensemble ? Reliance propose plusieurs approches pour r\u00e9pondre \u00e0 cette question et nourrir sa relation amoureuse.","og_url":"https:\/\/centrereliance.fr\/association\/la-relation-amoureuse\/","og_site_name":"Am\u00e9liorer ses relations et cheminer vers le meilleur de soi","article_publisher":"https:\/\/www.facebook.com\/Reliance-Association-318815031580269\/","article_modified_time":"2025-12-15T12:56:29+00:00","twitter_card":"summary_large_image","schema":{"@context":"https:\/\/schema.org","@graph":[{"@type":"WebPage","@id":"https:\/\/centrereliance.fr\/association\/la-relation-amoureuse\/","url":"https:\/\/centrereliance.fr\/association\/la-relation-amoureuse\/","name":"La relation amoureuse - Am\u00e9liorer ses relations et cheminer vers le meilleur de soi","isPartOf":{"@id":"https:\/\/centrereliance.fr\/association\/#website"},"datePublished":"2025-08-29T12:13:30+00:00","dateModified":"2025-12-15T12:56:29+00:00","description":"Comment vivre heureux ensemble ? Reliance propose plusieurs approches pour r\u00e9pondre \u00e0 cette question et nourrir sa relation amoureuse.","breadcrumb":{"@id":"https:\/\/centrereliance.fr\/association\/la-relation-amoureuse\/#breadcrumb"},"inLanguage":"fr-FR","potentialAction":[{"@type":"ReadAction","target":["https:\/\/centrereliance.fr\/association\/la-relation-amoureuse\/"]}]},{"@type":"BreadcrumbList","@id":"https:\/\/centrereliance.fr\/association\/la-relation-amoureuse\/#breadcrumb","itemListElement":[{"@type":"ListItem","position":1,"name":"Accueil","item":"https:\/\/centrereliance.fr\/association\/"},{"@type":"ListItem","position":2,"name":"La relation amoureuse"}]},{"@type":"WebSite","@id":"https:\/\/centrereliance.fr\/association\/#website","url":"https:\/\/centrereliance.fr\/association\/","name":"Am\u00e9liorer ses relations et cheminer vers le meilleur de soi","description":"Nos actions \u00e0 destination des particuliers","publisher":{"@id":"https:\/\/centrereliance.fr\/association\/#organization"},"potentialAction":[{"@type":"SearchAction","target":{"@type":"EntryPoint","urlTemplate":"https:\/\/centrereliance.fr\/association\/?s={search_term_string}"},"query-input":{"@type":"PropertyValueSpecification","valueRequired":true,"valueName":"search_term_string"}}],"inLanguage":"fr-FR"},{"@type":"Organization","@id":"https:\/\/centrereliance.fr\/association\/#organization","name":"Reliance ASSOCIATION","url":"https:\/\/centrereliance.fr\/association\/","logo":{"@type":"ImageObject","inLanguage":"fr-FR","@id":"https:\/\/centrereliance.fr\/association\/#\/schema\/logo\/image\/","url":"https:\/\/centrereliance.fr\/association\/wp-content\/uploads\/sites\/2\/2016\/10\/Logo-SARL-e1476290643249.jpg","contentUrl":"https:\/\/centrereliance.fr\/association\/wp-content\/uploads\/sites\/2\/2016\/10\/Logo-SARL-e1476290643249.jpg","width":101,"height":110,"caption":"Reliance ASSOCIATION"},"image":{"@id":"https:\/\/centrereliance.fr\/association\/#\/schema\/logo\/image\/"},"sameAs":["https:\/\/www.facebook.com\/Reliance-Association-318815031580269\/","https:\/\/www.linkedin.com\/company-beta\/16261855"]}]}},"_links":{"self":[{"href":"https:\/\/centrereliance.fr\/association\/wp-json\/wp\/v2\/pages\/5806","targetHints":{"allow":["GET"]}}],"collection":[{"href":"https:\/\/centrereliance.fr\/association\/wp-json\/wp\/v2\/pages"}],"about":[{"href":"https:\/\/centrereliance.fr\/association\/wp-json\/wp\/v2\/types\/page"}],"author":[{"embeddable":true,"href":"https:\/\/centrereliance.fr\/association\/wp-json\/wp\/v2\/users\/28"}],"replies":[{"embeddable":true,"href":"https:\/\/centrereliance.fr\/association\/wp-json\/wp\/v2\/comments?post=5806"}],"version-history":[{"count":9,"href":"https:\/\/centrereliance.fr\/association\/wp-json\/wp\/v2\/pages\/5806\/revisions"}],"predecessor-version":[{"id":60803,"href":"https:\/\/centrereliance.fr\/association\/wp-json\/wp\/v2\/pages\/5806\/revisions\/60803"}],"wp:attachment":[{"href":"https:\/\/centrereliance.fr\/association\/wp-json\/wp\/v2\/media?parent=5806"}],"curies":[{"name":"wp","href":"https:\/\/api.w.org\/{rel}","templated":true}]}}