{"id":60760,"date":"2025-11-21T09:40:00","date_gmt":"2025-11-21T08:40:00","guid":{"rendered":"https:\/\/centrereliance.fr\/association\/?page_id=60760"},"modified":"2026-04-13T16:51:09","modified_gmt":"2026-04-13T14:51:09","slug":"le-cafe-relationnel","status":"publish","type":"page","link":"https:\/\/centrereliance.fr\/association\/le-cafe-relationnel\/","title":{"rendered":"Caf\u00e9 relationnel"},"content":{"rendered":"\n[et_pb_section fb_built=\u00a0\u00bb1&Prime; admin_label=\u00a0\u00bbsection\u00a0\u00bb _builder_version=\u00a0\u00bb4.25.1&Prime; custom_padding=\u00a0\u00bb||0px||false|false\u00a0\u00bb global_colors_info=\u00a0\u00bb{}\u00a0\u00bb][et_pb_row _builder_version=\u00a0\u00bb4.22.1&Prime; _module_preset=\u00a0\u00bbdefault\u00a0\u00bb width=\u00a0\u00bb90%\u00a0\u00bb global_colors_info=\u00a0\u00bb{}\u00a0\u00bb][et_pb_column type=\u00a0\u00bb4_4&Prime; _builder_version=\u00a0\u00bb4.22.1&Prime; _module_preset=\u00a0\u00bbdefault\u00a0\u00bb global_colors_info=\u00a0\u00bb{}\u00a0\u00bb][et_pb_image src=\u00a0\u00bbhttps:\/\/centrereliance.fr\/association\/wp-content\/uploads\/sites\/2\/2025\/11\/cafe-relationnel.jpg\u00a0\u00bb alt=\u00a0\u00bbcaf\u00e9 relationnel\u00a0\u00bb title_text=\u00a0\u00bbcafe relationnel\u00a0\u00bb align=\u00a0\u00bbcenter\u00a0\u00bb _builder_version=\u00a0\u00bb4.27.4&Prime; _module_preset=\u00a0\u00bbdefault\u00a0\u00bb max_height=\u00a0\u00bb70vh\u00a0\u00bb border_radii=\u00a0\u00bbon|25px|25px|25px|25px\u00a0\u00bb locked=\u00a0\u00bboff\u00a0\u00bb global_colors_info=\u00a0\u00bb{}\u00a0\u00bb][\/et_pb_image][et_pb_post_title meta=\u00a0\u00bboff\u00a0\u00bb _builder_version=\u00a0\u00bb4.22.1&Prime; _module_preset=\u00a0\u00bbdefault\u00a0\u00bb title_font=\u00a0\u00bb|||on|||||\u00a0\u00bb title_text_align=\u00a0\u00bbcenter\u00a0\u00bb title_text_color=\u00a0\u00bb#F08A2E\u00a0\u00bb locked=\u00a0\u00bboff\u00a0\u00bb global_colors_info=\u00a0\u00bb{}\u00a0\u00bb][\/et_pb_post_title][\/et_pb_column][\/et_pb_row][et_pb_row admin_label=\u00a0\u00bbrow\u00a0\u00bb _builder_version=\u00a0\u00bb4.25.1&Prime; background_size=\u00a0\u00bbinitial\u00a0\u00bb background_position=\u00a0\u00bbtop_left\u00a0\u00bb background_repeat=\u00a0\u00bbrepeat\u00a0\u00bb width=\u00a0\u00bb90%\u00a0\u00bb custom_margin=\u00a0\u00bb||50px||false|false\u00a0\u00bb custom_padding=\u00a0\u00bb10px|10px|10px|10px|true|true\u00a0\u00bb border_radii=\u00a0\u00bbon|15px|15px|15px|15px\u00a0\u00bb border_width_all=\u00a0\u00bb1px\u00a0\u00bb border_color_all=\u00a0\u00bb#F08A2E\u00a0\u00bb global_colors_info=\u00a0\u00bb{}\u00a0\u00bb][et_pb_column type=\u00a0\u00bb4_4&Prime; _builder_version=\u00a0\u00bb4.16&Prime; custom_padding=\u00a0\u00bb|||\u00a0\u00bb global_colors_info=\u00a0\u00bb{}\u00a0\u00bb custom_padding__hover=\u00a0\u00bb|||\u00a0\u00bb][et_pb_image src=\u00a0\u00bbhttps:\/\/centrereliance.fr\/association\/wp-content\/uploads\/sites\/2\/2025\/08\/modalites-formation.png\u00a0\u00bb title_text=\u00a0\u00bbmodalites-formation\u00a0\u00bb _builder_version=\u00a0\u00bb4.25.1&Prime; _module_preset=\u00a0\u00bbdefault\u00a0\u00bb max_width=\u00a0\u00bb80px\u00a0\u00bb module_alignment=\u00a0\u00bbcenter\u00a0\u00bb custom_margin=\u00a0\u00bb||20px||false|false\u00a0\u00bb locked=\u00a0\u00bboff\u00a0\u00bb global_colors_info=\u00a0\u00bb{}\u00a0\u00bb][\/et_pb_image][et_pb_text _builder_version=\u00a0\u00bb4.25.1&Prime; _module_preset=\u00a0\u00bbdefault\u00a0\u00bb text_text_color=\u00a0\u00bb#F08A2E\u00a0\u00bb header_text_align=\u00a0\u00bbcenter\u00a0\u00bb header_text_color=\u00a0\u00bb#F08A2E\u00a0\u00bb header_2_text_align=\u00a0\u00bbcenter\u00a0\u00bb header_2_text_color=\u00a0\u00bb#F08A2E\u00a0\u00bb header_3_text_color=\u00a0\u00bb#9A486F\u00a0\u00bb locked=\u00a0\u00bboff\u00a0\u00bb global_colors_info=\u00a0\u00bb{}\u00a0\u00bb]<h2>Quelles sont les modalit\u00e9s des cAF\u00e9S RELATIONNELS ?<\/h2>[\/et_pb_text][et_pb_text admin_label=\u00a0\u00bbText\u00a0\u00bb module_class=\u00a0\u00bbtick-bullets\u00a0\u00bb _builder_version=\u00a0\u00bb4.25.1&Prime; background_size=\u00a0\u00bbinitial\u00a0\u00bb background_position=\u00a0\u00bbtop_left\u00a0\u00bb background_repeat=\u00a0\u00bbrepeat\u00a0\u00bb text_orientation=\u00a0\u00bbjustified\u00a0\u00bb custom_padding=\u00a0\u00bb||||false|false\u00a0\u00bb border_color_all=\u00a0\u00bb#F08A2E\u00a0\u00bb global_colors_info=\u00a0\u00bb{}\u00a0\u00bb]<h3><span style=\"font-size: 16px;color: #666666;font-family: 'Open Sans', Helvetica, Arial, Lucida, sans-serif\">Le Caf\u00e9 relationnel : un temps convivial et chaleureux POUR <\/span><span style=\"font-size: 16px;color: #666666;font-family: 'Open Sans', Helvetica, Arial, Lucida, sans-serif\">apprendre \u00e0 <\/span><span style=\"color: #666666;font-family: 'Open Sans', Helvetica, Arial, Lucida, sans-serif;font-size: 16px\">communiquer autrement !<\/span><\/h3>\n<div class=\"\" data-block=\"true\" data-editor=\"b6vcs\" data-offset-key=\"81v87-0-0\">\n<div data-offset-key=\"81v87-0-0\" class=\"_1mf _1mj\"><span data-offset-key=\"81v87-0-0\">\u00a0<\/span><\/div>\n<\/div>\n<div class=\"\" data-block=\"true\" data-editor=\"b6vcs\" data-offset-key=\"5i996-0-0\">\n<div data-offset-key=\"5i996-0-0\" class=\"_1mf _1mj\"><span data-offset-key=\"5i996-0-0\">Envie d\u2019explorer de nouvelles fa\u00e7ons de communiquer, de mieux prendre conscience ce qui se joue dans vos relations et d\u2019acqu\u00e9rir des rep\u00e8res simples et concrets ?<\/span><\/div>\n<\/div>\n<div class=\"\" data-block=\"true\" data-editor=\"b6vcs\" data-offset-key=\"673r5-0-0\">\n<div data-offset-key=\"673r5-0-0\" class=\"_1mf _1mj\">\n<p data-start=\"153\" data-end=\"459\"><\/p>\n<p data-start=\"153\" data-end=\"459\">Venez partager un temps informel o\u00f9, \u00e0 partir de vos situations du quotidien, un\u00b7e formateur\u00b7rice en relations humaines propose <span data-offset-key=\"frk2e-0-0\">des notions cl\u00e9s, des balises clarifiantes et des partages d\u2019exp\u00e9rience.<\/span><\/p>\n<p data-start=\"153\" data-end=\"459\"><span data-offset-key=\"frk2e-0-0\"><\/span><\/p>\n<\/div>\n<\/div>\n<ul><\/ul>\n<h3>Informations Pratiques :<\/h3>\n<p><strong>Fr\u00e9quence<\/strong> : 1 jeudi par mois, de 17h30 \u00e0 19h<\/p>\n<p><strong>Prochaines dates<\/strong> : 28 mai, 11 juin<\/p>\n<p><strong>Animation<\/strong> : par un\u00b7e formateur\u00b7trice b\u00e9n\u00e9vole form\u00e9\u00b7e en M\u00e9thode ESPERE\u00ae<\/p>\n<p><strong>Acc\u00e8s libre avec une consommation<\/strong><\/p>\n<p><strong>Lieu : <\/strong><a href=\"https:\/\/www.cafefoch.fr\/\">Caf\u00e9 Foch<\/a>, 20 bd Mar\u00e9chal Foch, Grenoble\u00a0<\/p>[\/et_pb_text][\/et_pb_column][\/et_pb_row][\/et_pb_section][et_pb_section fb_built=\u00a0\u00bb1&Prime; next_background_color=\u00a0\u00bb#a04000&Prime; _builder_version=\u00a0\u00bb4.25.1&Prime; _module_preset=\u00a0\u00bbdefault\u00a0\u00bb custom_padding=\u00a0\u00bb0px||||false|false\u00a0\u00bb bottom_divider_style=\u00a0\u00bbarrow3&Prime; global_colors_info=\u00a0\u00bb{}\u00a0\u00bb][et_pb_row _builder_version=\u00a0\u00bb4.25.1&Prime; _module_preset=\u00a0\u00bbdefault\u00a0\u00bb width=\u00a0\u00bb90%\u00a0\u00bb custom_margin=\u00a0\u00bb||50px||false|false\u00a0\u00bb custom_padding=\u00a0\u00bb20px|10px|0px|10px|false|true\u00a0\u00bb border_radii=\u00a0\u00bbon|15px|15px|15px|15px\u00a0\u00bb border_width_all=\u00a0\u00bb1px\u00a0\u00bb border_color_all=\u00a0\u00bb#F08A2E\u00a0\u00bb global_colors_info=\u00a0\u00bb{}\u00a0\u00bb][et_pb_column type=\u00a0\u00bb4_4&Prime; _builder_version=\u00a0\u00bb4.22.1&Prime; _module_preset=\u00a0\u00bbdefault\u00a0\u00bb global_colors_info=\u00a0\u00bb{}\u00a0\u00bb][et_pb_image src=\u00a0\u00bbhttps:\/\/centrereliance.fr\/association\/wp-content\/uploads\/sites\/2\/2025\/08\/avis-formation.png\u00a0\u00bb title_text=\u00a0\u00bbavis-formation\u00a0\u00bb _builder_version=\u00a0\u00bb4.25.1&Prime; _module_preset=\u00a0\u00bbdefault\u00a0\u00bb max_width=\u00a0\u00bb80px\u00a0\u00bb module_alignment=\u00a0\u00bbcenter\u00a0\u00bb custom_margin=\u00a0\u00bb||20px||false|false\u00a0\u00bb locked=\u00a0\u00bboff\u00a0\u00bb global_colors_info=\u00a0\u00bb{}\u00a0\u00bb][\/et_pb_image][et_pb_text _builder_version=\u00a0\u00bb4.25.1&Prime; _module_preset=\u00a0\u00bbdefault\u00a0\u00bb text_text_color=\u00a0\u00bb#F08A2E\u00a0\u00bb header_text_align=\u00a0\u00bbcenter\u00a0\u00bb header_text_color=\u00a0\u00bb#F08A2E\u00a0\u00bb header_2_text_align=\u00a0\u00bbcenter\u00a0\u00bb header_2_text_color=\u00a0\u00bb#F08A2E\u00a0\u00bb header_3_text_color=\u00a0\u00bb#9A486F\u00a0\u00bb custom_css_free_form=\u00a0\u00bbselector h2 {text-transform: none !important;}\u00a0\u00bb locked=\u00a0\u00bboff\u00a0\u00bb global_colors_info=\u00a0\u00bb{}\u00a0\u00bb]<h2>Qu\u2019en ont dit les participant\u00b7es ?<\/h2>[\/et_pb_text][et_pb_comments show_count=\u00a0\u00bboff\u00a0\u00bb _builder_version=\u00a0\u00bb4.27.4&Prime; _module_preset=\u00a0\u00bbdefault\u00a0\u00bb text_orientation=\u00a0\u00bbjustified\u00a0\u00bb border_radii_fields=\u00a0\u00bbon|15px|15px|15px|15px\u00a0\u00bb locked=\u00a0\u00bboff\u00a0\u00bb global_colors_info=\u00a0\u00bb{}\u00a0\u00bb][\/et_pb_comments][\/et_pb_column][\/et_pb_row][\/et_pb_section]\n","protected":false},"excerpt":{"rendered":"<p>Quelles sont les modalit\u00e9s des cAF\u00e9S RELATIONNELS ?Le Caf\u00e9 relationnel : un temps convivial et chaleureux POUR apprendre \u00e0 communiquer autrement ! \u00a0 Envie d\u2019explorer de nouvelles fa\u00e7ons de communiquer, de mieux prendre conscience ce qui se joue dans vos relations et d\u2019acqu\u00e9rir des rep\u00e8res simples et concrets ? Venez partager un temps informel o\u00f9, [&hellip;]<\/p>\n","protected":false},"author":28,"featured_media":0,"parent":0,"menu_order":0,"comment_status":"open","ping_status":"closed","template":"","meta":{"_et_pb_use_builder":"on","_et_pb_old_content":"","_et_gb_content_width":"","footnotes":""},"class_list":["post-60760","page","type-page","status-publish","hentry"],"yoast_head":"<!-- This site is optimized with the Yoast SEO plugin v25.8 - https:\/\/yoast.com\/wordpress\/plugins\/seo\/ -->\n<title>Caf\u00e9 relationnel - Am\u00e9liorer ses relations et cheminer vers le meilleur de soi<\/title>\n<meta name=\"robots\" content=\"index, follow, max-snippet:-1, max-image-preview:large, max-video-preview:-1\" \/>\n<link rel=\"canonical\" href=\"https:\/\/centrereliance.fr\/association\/le-cafe-relationnel\/\" \/>\n<meta property=\"og:locale\" content=\"fr_FR\" \/>\n<meta property=\"og:type\" content=\"article\" \/>\n<meta property=\"og:title\" content=\"Caf\u00e9 relationnel - Am\u00e9liorer ses relations et cheminer vers le meilleur de soi\" \/>\n<meta property=\"og:description\" content=\"Quelles sont les modalit\u00e9s des cAF\u00e9S RELATIONNELS ?Le Caf\u00e9 relationnel : un temps convivial et chaleureux POUR apprendre \u00e0 communiquer autrement ! \u00a0 Envie d\u2019explorer de nouvelles fa\u00e7ons de communiquer, de mieux prendre conscience ce qui se joue dans vos relations et d\u2019acqu\u00e9rir des rep\u00e8res simples et concrets ? Venez partager un temps informel o\u00f9, [&hellip;]\" \/>\n<meta property=\"og:url\" content=\"https:\/\/centrereliance.fr\/association\/le-cafe-relationnel\/\" \/>\n<meta property=\"og:site_name\" content=\"Am\u00e9liorer ses relations et cheminer vers le meilleur de soi\" \/>\n<meta property=\"article:publisher\" content=\"https:\/\/www.facebook.com\/Reliance-Association-318815031580269\/\" \/>\n<meta property=\"article:modified_time\" content=\"2026-04-13T14:51:09+00:00\" \/>\n<meta name=\"twitter:card\" content=\"summary_large_image\" \/>\n<meta name=\"twitter:label1\" content=\"Dur\u00e9e de lecture estim\u00e9e\" \/>\n\t<meta name=\"twitter:data1\" content=\"2 minutes\" \/>\n<script type=\"application\/ld+json\" class=\"yoast-schema-graph\">{\"@context\":\"https:\/\/schema.org\",\"@graph\":[{\"@type\":\"WebPage\",\"@id\":\"https:\/\/centrereliance.fr\/association\/le-cafe-relationnel\/\",\"url\":\"https:\/\/centrereliance.fr\/association\/le-cafe-relationnel\/\",\"name\":\"Caf\u00e9 relationnel - Am\u00e9liorer ses relations et cheminer vers le meilleur de soi\",\"isPartOf\":{\"@id\":\"https:\/\/centrereliance.fr\/association\/#website\"},\"datePublished\":\"2025-11-21T08:40:00+00:00\",\"dateModified\":\"2026-04-13T14:51:09+00:00\",\"breadcrumb\":{\"@id\":\"https:\/\/centrereliance.fr\/association\/le-cafe-relationnel\/#breadcrumb\"},\"inLanguage\":\"fr-FR\",\"potentialAction\":[{\"@type\":\"ReadAction\",\"target\":[\"https:\/\/centrereliance.fr\/association\/le-cafe-relationnel\/\"]}]},{\"@type\":\"BreadcrumbList\",\"@id\":\"https:\/\/centrereliance.fr\/association\/le-cafe-relationnel\/#breadcrumb\",\"itemListElement\":[{\"@type\":\"ListItem\",\"position\":1,\"name\":\"Accueil\",\"item\":\"https:\/\/centrereliance.fr\/association\/\"},{\"@type\":\"ListItem\",\"position\":2,\"name\":\"Caf\u00e9 relationnel\"}]},{\"@type\":\"WebSite\",\"@id\":\"https:\/\/centrereliance.fr\/association\/#website\",\"url\":\"https:\/\/centrereliance.fr\/association\/\",\"name\":\"Am\u00e9liorer ses relations et cheminer vers le meilleur de soi\",\"description\":\"Nos actions \u00e0 destination des particuliers\",\"publisher\":{\"@id\":\"https:\/\/centrereliance.fr\/association\/#organization\"},\"potentialAction\":[{\"@type\":\"SearchAction\",\"target\":{\"@type\":\"EntryPoint\",\"urlTemplate\":\"https:\/\/centrereliance.fr\/association\/?s={search_term_string}\"},\"query-input\":{\"@type\":\"PropertyValueSpecification\",\"valueRequired\":true,\"valueName\":\"search_term_string\"}}],\"inLanguage\":\"fr-FR\"},{\"@type\":\"Organization\",\"@id\":\"https:\/\/centrereliance.fr\/association\/#organization\",\"name\":\"Reliance ASSOCIATION\",\"url\":\"https:\/\/centrereliance.fr\/association\/\",\"logo\":{\"@type\":\"ImageObject\",\"inLanguage\":\"fr-FR\",\"@id\":\"https:\/\/centrereliance.fr\/association\/#\/schema\/logo\/image\/\",\"url\":\"https:\/\/centrereliance.fr\/association\/wp-content\/uploads\/sites\/2\/2016\/10\/Logo-SARL-e1476290643249.jpg\",\"contentUrl\":\"https:\/\/centrereliance.fr\/association\/wp-content\/uploads\/sites\/2\/2016\/10\/Logo-SARL-e1476290643249.jpg\",\"width\":101,\"height\":110,\"caption\":\"Reliance ASSOCIATION\"},\"image\":{\"@id\":\"https:\/\/centrereliance.fr\/association\/#\/schema\/logo\/image\/\"},\"sameAs\":[\"https:\/\/www.facebook.com\/Reliance-Association-318815031580269\/\",\"https:\/\/www.linkedin.com\/company-beta\/16261855\"]}]}<\/script>\n<!-- \/ Yoast SEO plugin. -->","yoast_head_json":{"title":"Caf\u00e9 relationnel - Am\u00e9liorer ses relations et cheminer vers le meilleur de soi","robots":{"index":"index","follow":"follow","max-snippet":"max-snippet:-1","max-image-preview":"max-image-preview:large","max-video-preview":"max-video-preview:-1"},"canonical":"https:\/\/centrereliance.fr\/association\/le-cafe-relationnel\/","og_locale":"fr_FR","og_type":"article","og_title":"Caf\u00e9 relationnel - Am\u00e9liorer ses relations et cheminer vers le meilleur de soi","og_description":"Quelles sont les modalit\u00e9s des cAF\u00e9S RELATIONNELS ?Le Caf\u00e9 relationnel : un temps convivial et chaleureux POUR apprendre \u00e0 communiquer autrement ! \u00a0 Envie d\u2019explorer de nouvelles fa\u00e7ons de communiquer, de mieux prendre conscience ce qui se joue dans vos relations et d\u2019acqu\u00e9rir des rep\u00e8res simples et concrets ? Venez partager un temps informel o\u00f9, [&hellip;]","og_url":"https:\/\/centrereliance.fr\/association\/le-cafe-relationnel\/","og_site_name":"Am\u00e9liorer ses relations et cheminer vers le meilleur de soi","article_publisher":"https:\/\/www.facebook.com\/Reliance-Association-318815031580269\/","article_modified_time":"2026-04-13T14:51:09+00:00","twitter_card":"summary_large_image","twitter_misc":{"Dur\u00e9e de lecture estim\u00e9e":"2 minutes"},"schema":{"@context":"https:\/\/schema.org","@graph":[{"@type":"WebPage","@id":"https:\/\/centrereliance.fr\/association\/le-cafe-relationnel\/","url":"https:\/\/centrereliance.fr\/association\/le-cafe-relationnel\/","name":"Caf\u00e9 relationnel - Am\u00e9liorer ses relations et cheminer vers le meilleur de soi","isPartOf":{"@id":"https:\/\/centrereliance.fr\/association\/#website"},"datePublished":"2025-11-21T08:40:00+00:00","dateModified":"2026-04-13T14:51:09+00:00","breadcrumb":{"@id":"https:\/\/centrereliance.fr\/association\/le-cafe-relationnel\/#breadcrumb"},"inLanguage":"fr-FR","potentialAction":[{"@type":"ReadAction","target":["https:\/\/centrereliance.fr\/association\/le-cafe-relationnel\/"]}]},{"@type":"BreadcrumbList","@id":"https:\/\/centrereliance.fr\/association\/le-cafe-relationnel\/#breadcrumb","itemListElement":[{"@type":"ListItem","position":1,"name":"Accueil","item":"https:\/\/centrereliance.fr\/association\/"},{"@type":"ListItem","position":2,"name":"Caf\u00e9 relationnel"}]},{"@type":"WebSite","@id":"https:\/\/centrereliance.fr\/association\/#website","url":"https:\/\/centrereliance.fr\/association\/","name":"Am\u00e9liorer ses relations et cheminer vers le meilleur de soi","description":"Nos actions \u00e0 destination des particuliers","publisher":{"@id":"https:\/\/centrereliance.fr\/association\/#organization"},"potentialAction":[{"@type":"SearchAction","target":{"@type":"EntryPoint","urlTemplate":"https:\/\/centrereliance.fr\/association\/?s={search_term_string}"},"query-input":{"@type":"PropertyValueSpecification","valueRequired":true,"valueName":"search_term_string"}}],"inLanguage":"fr-FR"},{"@type":"Organization","@id":"https:\/\/centrereliance.fr\/association\/#organization","name":"Reliance ASSOCIATION","url":"https:\/\/centrereliance.fr\/association\/","logo":{"@type":"ImageObject","inLanguage":"fr-FR","@id":"https:\/\/centrereliance.fr\/association\/#\/schema\/logo\/image\/","url":"https:\/\/centrereliance.fr\/association\/wp-content\/uploads\/sites\/2\/2016\/10\/Logo-SARL-e1476290643249.jpg","contentUrl":"https:\/\/centrereliance.fr\/association\/wp-content\/uploads\/sites\/2\/2016\/10\/Logo-SARL-e1476290643249.jpg","width":101,"height":110,"caption":"Reliance ASSOCIATION"},"image":{"@id":"https:\/\/centrereliance.fr\/association\/#\/schema\/logo\/image\/"},"sameAs":["https:\/\/www.facebook.com\/Reliance-Association-318815031580269\/","https:\/\/www.linkedin.com\/company-beta\/16261855"]}]}},"_links":{"self":[{"href":"https:\/\/centrereliance.fr\/association\/wp-json\/wp\/v2\/pages\/60760","targetHints":{"allow":["GET"]}}],"collection":[{"href":"https:\/\/centrereliance.fr\/association\/wp-json\/wp\/v2\/pages"}],"about":[{"href":"https:\/\/centrereliance.fr\/association\/wp-json\/wp\/v2\/types\/page"}],"author":[{"embeddable":true,"href":"https:\/\/centrereliance.fr\/association\/wp-json\/wp\/v2\/users\/28"}],"replies":[{"embeddable":true,"href":"https:\/\/centrereliance.fr\/association\/wp-json\/wp\/v2\/comments?post=60760"}],"version-history":[{"count":16,"href":"https:\/\/centrereliance.fr\/association\/wp-json\/wp\/v2\/pages\/60760\/revisions"}],"predecessor-version":[{"id":60874,"href":"https:\/\/centrereliance.fr\/association\/wp-json\/wp\/v2\/pages\/60760\/revisions\/60874"}],"wp:attachment":[{"href":"https:\/\/centrereliance.fr\/association\/wp-json\/wp\/v2\/media?parent=60760"}],"curies":[{"name":"wp","href":"https:\/\/api.w.org\/{rel}","templated":true}]}}