{"id":2511,"date":"2020-02-19T10:27:58","date_gmt":"2020-02-19T09:27:58","guid":{"rendered":"https:\/\/centrereliance.fr\/sarl\/?page_id=2511"},"modified":"2025-08-31T18:34:06","modified_gmt":"2025-08-31T16:34:06","slug":"mentions-legales","status":"publish","type":"page","link":"https:\/\/centrereliance.fr\/sarl\/mentions-legales\/","title":{"rendered":"Mentions l\u00e9gales"},"content":{"rendered":"<p>[et_pb_section fb_built=\u00a0\u00bb1&Prime; next_background_color=\u00a0\u00bb#638600&Prime; admin_label=\u00a0\u00bbsection\u00a0\u00bb _builder_version=\u00a0\u00bb4.22.1&Prime; custom_padding=\u00a0\u00bb||100px||false|false\u00a0\u00bb bottom_divider_style=\u00a0\u00bbramp2&Prime; bottom_divider_flip=\u00a0\u00bbvertical|horizontal\u00a0\u00bb global_colors_info=\u00a0\u00bb{}\u00a0\u00bb][et_pb_row _builder_version=\u00a0\u00bb4.22.1&Prime; _module_preset=\u00a0\u00bbdefault\u00a0\u00bb width=\u00a0\u00bb90%\u00a0\u00bb global_colors_info=\u00a0\u00bb{}\u00a0\u00bb][et_pb_column type=\u00a0\u00bb4_4&Prime; _builder_version=\u00a0\u00bb4.22.1&Prime; _module_preset=\u00a0\u00bbdefault\u00a0\u00bb global_colors_info=\u00a0\u00bb{}\u00a0\u00bb][et_pb_post_title meta=\u00a0\u00bboff\u00a0\u00bb featured_image=\u00a0\u00bboff\u00a0\u00bb _builder_version=\u00a0\u00bb4.22.1&Prime; _module_preset=\u00a0\u00bbdefault\u00a0\u00bb title_text_align=\u00a0\u00bbcenter\u00a0\u00bb global_colors_info=\u00a0\u00bb{}\u00a0\u00bb][\/et_pb_post_title][\/et_pb_column][\/et_pb_row][et_pb_row admin_label=\u00a0\u00bbrow\u00a0\u00bb _builder_version=\u00a0\u00bb4.22.1&Prime; background_size=\u00a0\u00bbinitial\u00a0\u00bb background_position=\u00a0\u00bbtop_left\u00a0\u00bb background_repeat=\u00a0\u00bbrepeat\u00a0\u00bb width=\u00a0\u00bb90%\u00a0\u00bb global_colors_info=\u00a0\u00bb{}\u00a0\u00bb][et_pb_column type=\u00a0\u00bb4_4&Prime; _builder_version=\u00a0\u00bb4.16&Prime; custom_padding=\u00a0\u00bb|||\u00a0\u00bb global_colors_info=\u00a0\u00bb{}\u00a0\u00bb custom_padding__hover=\u00a0\u00bb|||\u00a0\u00bb][et_pb_text admin_label=\u00a0\u00bbText\u00a0\u00bb _builder_version=\u00a0\u00bb4.22.1&Prime; background_size=\u00a0\u00bbinitial\u00a0\u00bb background_position=\u00a0\u00bbtop_left\u00a0\u00bb background_repeat=\u00a0\u00bbrepeat\u00a0\u00bb custom_padding=\u00a0\u00bb10px|10px|10px|10px|false|false\u00a0\u00bb border_radii=\u00a0\u00bbon|15px|15px|15px|15px\u00a0\u00bb border_width_all=\u00a0\u00bb1px\u00a0\u00bb border_color_all=\u00a0\u00bb#82B000&Prime; global_colors_info=\u00a0\u00bb{}\u00a0\u00bb]<\/p>\n<p style=\"text-align: justify;\">L\u2019utilisation de ce site est soumise au respect des lois applicables et des pr\u00e9sentes conditions g\u00e9n\u00e9rales d\u2019acc\u00e8s et d\u2019utilisation. Nous nous r\u00e9servons le droit de modifier ces derni\u00e8res \u00e0 tout moment, aussi nous invitons les utilisateurs \u00e0 s\u2019y reporter r\u00e9guli\u00e8rement.<br \/>Le site est soumis \u00e0 la loi fran\u00e7aise. Toute utilisation du site doit \u00eatre conforme \u00e0 la loi fran\u00e7aise et aux trait\u00e9s et instruments nationaux et internationaux applicables et sera r\u00e9put\u00e9e \u00eatre intervenue sur le territoire fran\u00e7ais. Tout acc\u00e8s et\/ou utilisation du site vaut acceptation expresse et sans r\u00e9serve des pr\u00e9sentes conditions g\u00e9n\u00e9rales d\u2019utilisation.<\/p>\n<p>[\/et_pb_text][et_pb_text admin_label=\u00a0\u00bbText\u00a0\u00bb _builder_version=\u00a0\u00bb4.22.1&Prime; background_size=\u00a0\u00bbinitial\u00a0\u00bb background_position=\u00a0\u00bbtop_left\u00a0\u00bb background_repeat=\u00a0\u00bbrepeat\u00a0\u00bb custom_padding=\u00a0\u00bb10px|10px|10px|10px|false|false\u00a0\u00bb border_radii=\u00a0\u00bbon|15px|15px|15px|15px\u00a0\u00bb border_width_all=\u00a0\u00bb1px\u00a0\u00bb border_color_all=\u00a0\u00bb#82B000&Prime; global_colors_info=\u00a0\u00bb{}\u00a0\u00bb]<\/p>\n<p style=\"text-align: justify;\"><span style=\"color: #82b000;\"><strong>INFORMATIONS G\u00c9N\u00c9RALES<\/strong><\/span><\/p>\n<p style=\"text-align: justify;\">Le site centrereliance.fr est la propri\u00e9t\u00e9 de : RELIANCE SARL<br \/><strong>Adresse du si\u00e8ge social<\/strong> : 14 avenue Victor Hugo 38130 Echirolles<br \/><strong>Num\u00e9ro de t\u00e9l\u00e9phone<\/strong> : 04 76 85 12 12<br \/><strong>Adresse de courrier \u00e9lectronique<\/strong> : contact@centrereliance.fr<br \/><strong>Forme juridique<\/strong> : SARL<br \/><strong>Montant du capital social<\/strong> : 12 500\u20ac<br \/><strong>Num\u00e9ro d&rsquo;inscription au registre du commerce et des soci\u00e9t\u00e9s<\/strong> : B 412 185 100<br \/><strong>N\u00b0TVA intra communautaire<\/strong> : FR 88412185100<a href=\"\/politique-de-confidentialite\"><\/a><\/p>\n<p>[\/et_pb_text][et_pb_text admin_label=\u00a0\u00bbText\u00a0\u00bb _builder_version=\u00a0\u00bb4.27.4&Prime; background_size=\u00a0\u00bbinitial\u00a0\u00bb background_position=\u00a0\u00bbtop_left\u00a0\u00bb background_repeat=\u00a0\u00bbrepeat\u00a0\u00bb custom_padding=\u00a0\u00bb10px|10px|10px|10px|false|false\u00a0\u00bb hover_enabled=\u00a0\u00bb0&Prime; border_color_all=\u00a0\u00bbRGBA(255,255,255,0)\u00a0\u00bb global_colors_info=\u00a0\u00bb{}\u00a0\u00bb text_orientation=\u00a0\u00bbcenter\u00a0\u00bb sticky_enabled=\u00a0\u00bb0&Prime;]<a href=\"https:\/\/centrereliance.fr\/sarl\/conditions-generales-de-vente\/\">Conditions g\u00e9n\u00e9rales de vente Reliance SARL<\/a><br \/>\n<a href=\"https:\/\/centrereliance.fr\/sarl\/politique-de-confidentialite\/\">Politique de confidentialit\u00e9<\/a>[\/et_pb_text][\/et_pb_column][\/et_pb_row][\/et_pb_section]<\/p>\n","protected":false},"excerpt":{"rendered":"<p>L\u2019utilisation de ce site est soumise au respect des lois applicables et des pr\u00e9sentes conditions g\u00e9n\u00e9rales d\u2019acc\u00e8s et d\u2019utilisation. Nous nous r\u00e9servons le droit de modifier ces derni\u00e8res \u00e0 tout moment, aussi nous invitons les utilisateurs \u00e0 s\u2019y reporter r\u00e9guli\u00e8rement.Le site est soumis \u00e0 la loi fran\u00e7aise. Toute utilisation du site doit \u00eatre conforme \u00e0 [&hellip;]<\/p>\n","protected":false},"author":1,"featured_media":0,"parent":0,"menu_order":0,"comment_status":"closed","ping_status":"closed","template":"","meta":{"_et_pb_use_builder":"on","_et_pb_old_content":"L\u2019utilisation de ce site est soumise au respect des lois applicables et des pr\u00e9sentes conditions g\u00e9n\u00e9rales d\u2019acc\u00e8s et d\u2019utilisation. Nous nous r\u00e9servons le droit de modifier ces derni\u00e8res \u00e0 tout moment, aussi nous invitons les utilisateurs \u00e0 s\u2019y reporter r\u00e9guli\u00e8rement.\nLe site est soumis \u00e0 la loi fran\u00e7aise. Toute utilisation du site doit \u00eatre conforme \u00e0 la loi fran\u00e7aise et aux trait\u00e9s et instruments nationaux et internationaux applicables et sera r\u00e9put\u00e9e \u00eatre intervenue sur le territoire fran\u00e7ais. Tout acc\u00e8s et\/ou utilisation du site vaut acceptation expresse et sans r\u00e9serve des pr\u00e9sentes conditions g\u00e9n\u00e9rales d\u2019utilisation.\n\n<strong>INFORMATIONS G\u00c9N\u00c9RALES<\/strong>\n\nLe site centrereliance.fr est la propri\u00e9t\u00e9 de :RELIANCE SARL\nAdresse du si\u00e8ge social : 14 avenue Victor Hugo 38130 Echirolles\nNum\u00e9ro de t\u00e9l\u00e9phone: 04 76 85 12 12\nAdresse de courrier \u00e9lectronique: contact@centrereliance.fr\nForme juridique : SARL\nMontant du capital social : 12 500\u20ac\nNum\u00e9ro d'inscription au registre du commerce et des soci\u00e9t\u00e9s : B 412 185 100 - SIRET : 412 185 100 00036\nN\u00b0TVA intra communautaire : FR 88412185100\n\nNum\u00e9ro de d\u00e9claration d'activit\u00e9 (NDA)\u00a0 : 82 38 02317 38\n\n<a href=\"\/conditions-generales-de-vente\">Conditions g\u00e9n\u00e9rales de vente Reliance SARL<\/a>\n<a href=\"\/politique-de-confidentialite\">Politique de confidentialit\u00e9<\/a>","_et_gb_content_width":"","footnotes":""},"class_list":["post-2511","page","type-page","status-publish","hentry"],"yoast_head":"<!-- This site is optimized with the Yoast SEO plugin v25.8 - https:\/\/yoast.com\/wordpress\/plugins\/seo\/ -->\n<title>Mentions l\u00e9gales - Placer l\u2019humain au c\u0153ur des organisations<\/title>\n<meta name=\"robots\" content=\"noindex, nofollow\" \/>\n<meta property=\"og:locale\" content=\"fr_FR\" \/>\n<meta property=\"og:type\" content=\"article\" \/>\n<meta property=\"og:title\" content=\"Mentions l\u00e9gales - Placer l\u2019humain au c\u0153ur des organisations\" \/>\n<meta property=\"og:description\" content=\"L\u2019utilisation de ce site est soumise au respect des lois applicables et des pr\u00e9sentes conditions g\u00e9n\u00e9rales d\u2019acc\u00e8s et d\u2019utilisation. Nous nous r\u00e9servons le droit de modifier ces derni\u00e8res \u00e0 tout moment, aussi nous invitons les utilisateurs \u00e0 s\u2019y reporter r\u00e9guli\u00e8rement.Le site est soumis \u00e0 la loi fran\u00e7aise. Toute utilisation du site doit \u00eatre conforme \u00e0 [&hellip;]\" \/>\n<meta property=\"og:url\" content=\"https:\/\/centrereliance.fr\/sarl\/mentions-legales\/\" \/>\n<meta property=\"og:site_name\" content=\"Placer l\u2019humain au c\u0153ur des organisations\" \/>\n<meta property=\"article:publisher\" content=\"https:\/\/www.facebook.com\/Reliance-Association-318815031580269\/\" \/>\n<meta property=\"article:modified_time\" content=\"2025-08-31T16:34:06+00:00\" \/>\n<meta property=\"og:image\" content=\"https:\/\/centrereliance.fr\/sarl\/wp-content\/uploads\/sites\/3\/2025\/08\/LogoSARL-scaled.png\" \/>\n\t<meta property=\"og:image:width\" content=\"2524\" \/>\n\t<meta property=\"og:image:height\" content=\"2560\" \/>\n\t<meta property=\"og:image:type\" content=\"image\/png\" \/>\n<meta name=\"twitter:card\" content=\"summary_large_image\" \/>\n<meta name=\"twitter:label1\" content=\"Dur\u00e9e de lecture estim\u00e9e\" \/>\n\t<meta name=\"twitter:data1\" content=\"1 minute\" \/>\n<script type=\"application\/ld+json\" class=\"yoast-schema-graph\">{\"@context\":\"https:\/\/schema.org\",\"@graph\":[{\"@type\":\"WebPage\",\"@id\":\"https:\/\/centrereliance.fr\/sarl\/mentions-legales\/\",\"url\":\"https:\/\/centrereliance.fr\/sarl\/mentions-legales\/\",\"name\":\"Mentions l\u00e9gales - Placer l\u2019humain au c\u0153ur des organisations\",\"isPartOf\":{\"@id\":\"https:\/\/centrereliance.fr\/sarl\/#website\"},\"datePublished\":\"2020-02-19T09:27:58+00:00\",\"dateModified\":\"2025-08-31T16:34:06+00:00\",\"breadcrumb\":{\"@id\":\"https:\/\/centrereliance.fr\/sarl\/mentions-legales\/#breadcrumb\"},\"inLanguage\":\"fr-FR\",\"potentialAction\":[{\"@type\":\"ReadAction\",\"target\":[\"https:\/\/centrereliance.fr\/sarl\/mentions-legales\/\"]}]},{\"@type\":\"BreadcrumbList\",\"@id\":\"https:\/\/centrereliance.fr\/sarl\/mentions-legales\/#breadcrumb\",\"itemListElement\":[{\"@type\":\"ListItem\",\"position\":1,\"name\":\"Accueil\",\"item\":\"https:\/\/centrereliance.fr\/sarl\/\"},{\"@type\":\"ListItem\",\"position\":2,\"name\":\"Mentions l\u00e9gales\"}]},{\"@type\":\"WebSite\",\"@id\":\"https:\/\/centrereliance.fr\/sarl\/#website\",\"url\":\"https:\/\/centrereliance.fr\/sarl\/\",\"name\":\"Placer l'humain au c\u0153ur des organisations\",\"description\":\"Actions de formation \u00e0 destination des professionnels\",\"publisher\":{\"@id\":\"https:\/\/centrereliance.fr\/sarl\/#organization\"},\"potentialAction\":[{\"@type\":\"SearchAction\",\"target\":{\"@type\":\"EntryPoint\",\"urlTemplate\":\"https:\/\/centrereliance.fr\/sarl\/?s={search_term_string}\"},\"query-input\":{\"@type\":\"PropertyValueSpecification\",\"valueRequired\":true,\"valueName\":\"search_term_string\"}}],\"inLanguage\":\"fr-FR\"},{\"@type\":\"Organization\",\"@id\":\"https:\/\/centrereliance.fr\/sarl\/#organization\",\"name\":\"Reliance SARL\",\"url\":\"https:\/\/centrereliance.fr\/sarl\/\",\"logo\":{\"@type\":\"ImageObject\",\"inLanguage\":\"fr-FR\",\"@id\":\"https:\/\/centrereliance.fr\/sarl\/#\/schema\/logo\/image\/\",\"url\":\"https:\/\/centrereliance.fr\/sarl\/wp-content\/uploads\/sites\/3\/2016\/10\/Logo-SARL-e1476290643249.jpg\",\"contentUrl\":\"https:\/\/centrereliance.fr\/sarl\/wp-content\/uploads\/sites\/3\/2016\/10\/Logo-SARL-e1476290643249.jpg\",\"width\":101,\"height\":110,\"caption\":\"Reliance SARL\"},\"image\":{\"@id\":\"https:\/\/centrereliance.fr\/sarl\/#\/schema\/logo\/image\/\"},\"sameAs\":[\"https:\/\/www.facebook.com\/Reliance-Association-318815031580269\/\",\"https:\/\/www.linkedin.com\/company-beta\/16261855\"]}]}<\/script>\n<!-- \/ Yoast SEO plugin. -->","yoast_head_json":{"title":"Mentions l\u00e9gales - Placer l\u2019humain au c\u0153ur des organisations","robots":{"index":"noindex","follow":"nofollow"},"og_locale":"fr_FR","og_type":"article","og_title":"Mentions l\u00e9gales - Placer l\u2019humain au c\u0153ur des organisations","og_description":"L\u2019utilisation de ce site est soumise au respect des lois applicables et des pr\u00e9sentes conditions g\u00e9n\u00e9rales d\u2019acc\u00e8s et d\u2019utilisation. Nous nous r\u00e9servons le droit de modifier ces derni\u00e8res \u00e0 tout moment, aussi nous invitons les utilisateurs \u00e0 s\u2019y reporter r\u00e9guli\u00e8rement.Le site est soumis \u00e0 la loi fran\u00e7aise. Toute utilisation du site doit \u00eatre conforme \u00e0 [&hellip;]","og_url":"https:\/\/centrereliance.fr\/sarl\/mentions-legales\/","og_site_name":"Placer l\u2019humain au c\u0153ur des organisations","article_publisher":"https:\/\/www.facebook.com\/Reliance-Association-318815031580269\/","article_modified_time":"2025-08-31T16:34:06+00:00","og_image":[{"width":2524,"height":2560,"url":"https:\/\/centrereliance.fr\/sarl\/wp-content\/uploads\/sites\/3\/2025\/08\/LogoSARL-scaled.png","type":"image\/png"}],"twitter_card":"summary_large_image","twitter_misc":{"Dur\u00e9e de lecture estim\u00e9e":"1 minute"},"schema":{"@context":"https:\/\/schema.org","@graph":[{"@type":"WebPage","@id":"https:\/\/centrereliance.fr\/sarl\/mentions-legales\/","url":"https:\/\/centrereliance.fr\/sarl\/mentions-legales\/","name":"Mentions l\u00e9gales - Placer l\u2019humain au c\u0153ur des organisations","isPartOf":{"@id":"https:\/\/centrereliance.fr\/sarl\/#website"},"datePublished":"2020-02-19T09:27:58+00:00","dateModified":"2025-08-31T16:34:06+00:00","breadcrumb":{"@id":"https:\/\/centrereliance.fr\/sarl\/mentions-legales\/#breadcrumb"},"inLanguage":"fr-FR","potentialAction":[{"@type":"ReadAction","target":["https:\/\/centrereliance.fr\/sarl\/mentions-legales\/"]}]},{"@type":"BreadcrumbList","@id":"https:\/\/centrereliance.fr\/sarl\/mentions-legales\/#breadcrumb","itemListElement":[{"@type":"ListItem","position":1,"name":"Accueil","item":"https:\/\/centrereliance.fr\/sarl\/"},{"@type":"ListItem","position":2,"name":"Mentions l\u00e9gales"}]},{"@type":"WebSite","@id":"https:\/\/centrereliance.fr\/sarl\/#website","url":"https:\/\/centrereliance.fr\/sarl\/","name":"Placer l'humain au c\u0153ur des organisations","description":"Actions de formation \u00e0 destination des professionnels","publisher":{"@id":"https:\/\/centrereliance.fr\/sarl\/#organization"},"potentialAction":[{"@type":"SearchAction","target":{"@type":"EntryPoint","urlTemplate":"https:\/\/centrereliance.fr\/sarl\/?s={search_term_string}"},"query-input":{"@type":"PropertyValueSpecification","valueRequired":true,"valueName":"search_term_string"}}],"inLanguage":"fr-FR"},{"@type":"Organization","@id":"https:\/\/centrereliance.fr\/sarl\/#organization","name":"Reliance SARL","url":"https:\/\/centrereliance.fr\/sarl\/","logo":{"@type":"ImageObject","inLanguage":"fr-FR","@id":"https:\/\/centrereliance.fr\/sarl\/#\/schema\/logo\/image\/","url":"https:\/\/centrereliance.fr\/sarl\/wp-content\/uploads\/sites\/3\/2016\/10\/Logo-SARL-e1476290643249.jpg","contentUrl":"https:\/\/centrereliance.fr\/sarl\/wp-content\/uploads\/sites\/3\/2016\/10\/Logo-SARL-e1476290643249.jpg","width":101,"height":110,"caption":"Reliance SARL"},"image":{"@id":"https:\/\/centrereliance.fr\/sarl\/#\/schema\/logo\/image\/"},"sameAs":["https:\/\/www.facebook.com\/Reliance-Association-318815031580269\/","https:\/\/www.linkedin.com\/company-beta\/16261855"]}]}},"_links":{"self":[{"href":"https:\/\/centrereliance.fr\/sarl\/wp-json\/wp\/v2\/pages\/2511","targetHints":{"allow":["GET"]}}],"collection":[{"href":"https:\/\/centrereliance.fr\/sarl\/wp-json\/wp\/v2\/pages"}],"about":[{"href":"https:\/\/centrereliance.fr\/sarl\/wp-json\/wp\/v2\/types\/page"}],"author":[{"embeddable":true,"href":"https:\/\/centrereliance.fr\/sarl\/wp-json\/wp\/v2\/users\/1"}],"replies":[{"embeddable":true,"href":"https:\/\/centrereliance.fr\/sarl\/wp-json\/wp\/v2\/comments?post=2511"}],"version-history":[{"count":8,"href":"https:\/\/centrereliance.fr\/sarl\/wp-json\/wp\/v2\/pages\/2511\/revisions"}],"predecessor-version":[{"id":5075,"href":"https:\/\/centrereliance.fr\/sarl\/wp-json\/wp\/v2\/pages\/2511\/revisions\/5075"}],"wp:attachment":[{"href":"https:\/\/centrereliance.fr\/sarl\/wp-json\/wp\/v2\/media?parent=2511"}],"curies":[{"name":"wp","href":"https:\/\/api.w.org\/{rel}","templated":true}]}}